{"id":1429,"date":"2023-10-04T14:47:26","date_gmt":"2023-10-04T12:47:26","guid":{"rendered":"https:\/\/www.lachienne.com\/?page_id=1429"},"modified":"2023-10-04T14:56:22","modified_gmt":"2023-10-04T12:56:22","slug":"page-blog","status":"publish","type":"page","link":"https:\/\/www.lachienne.com\/?page_id=1429","title":{"rendered":"Page BLOG"},"content":{"rendered":"\n    \n    <section class=\"u-clearfix u-palette-2-base u-section-2\" id=\"sec-6bb7\">\n      <div class=\"u-clearfix u-sheet u-sheet-1\">\n        <div class=\"u-blog u-expanded-width u-blog-1 u-hidden-visibility\"  data-items-per-page=\"1\">\n          <div class=\"u-repeater u-repeater-1\">\n            <div class=\"u-blog-post u-container-style u-palette-2-base u-repeater-item u-shape-rectangle u-repeater-item-1\">\n              <div class=\"u-container-layout u-similar-container u-container-layout-1\"><a class=\"custom-expanded u-blog-control u-image u-image-default lazyload u-image-1\" href=\"https:\/\/www.lachienne.com\/?p=1735\">\n                <img alt=\"\" class=\"custom-expanded u-blog-control u-image u-image-default lazyload u-image-1\" data-lang-fr=\"\" data-lang-en=\"\" data-src=\"https:\/\/www.lachienne.com\/wp-content\/uploads\/2023\/11\/LOBOULO-1024x1024.jpg\"><\/a>\n                <h2 class=\"u-align-left u-blog-control u-text u-text-1\" data-lang-fr=\"\n            <a class=&quot;u-post-header-link&quot; href=&quot;https:\/\/www.lachienne.com\/?p=868&quot;>LA CHIENNE NOUVELLE EST ARRIV\u00c9E !<\/a>\n          \" data-lang-en=\"\n            <a class=&quot;u-post-header-link&quot; href=&quot;https:\/\/www.lachienne.com\/?p=868&quot;>LA CHIENNE NOUVELLE EST ARRIV\u00c9E !<\/a>\n          \">\n                  <a class=\"u-post-header-link\" href=\"https:\/\/www.lachienne.com\/?p=1735\">ON Y EST, \u00c7A Y EST !!<\/a>\n                <\/h2>\n                <div class=\"u-blog-control u-metadata u-text-grey-40 u-metadata-1\">\n                  <span class=\"u-meta-date u-meta-icon\">6 novembre 2023<\/span>\n                  <span class=\"u-meta-comments u-meta-icon\"><a class=\"u-textlink\" href=\"https:\/\/www.lachienne.com\/?p=1735#respond\">Comments (0)<\/a><\/span>\n                <\/div>\n                <div class=\"u-align-left u-blog-control u-post-content u-text u-text-2\" data-lang-fr=\"APR\u00c9S un bref temps d'interruption, la chienne reprend du poil de la b\u00eate et se fait une peau tout neuve pour vous pr\u00e9senter d\u00e9sormais de fa\u00e7on \u2026\" data-lang-en=\"APR\u00c9S un bref temps d'interruption, la chienne reprend du poil de la b\u00eate et se fait une peau tout neuve pour vous pr\u00e9senter d\u00e9sormais de fa\u00e7on \u2026\"><p>\n\u00ab PORTRAIT D'UN ARTISTE EN AUTO-ENTREPRENEUR \u00bb\u0152uvre spectaculaire marchande en ska\u00ef couleur chamois mort.JJt 2023\n\n\n\n\n\n\n\nLe grand r\u00e9cit europ\u00e9en de&hellip;<\/p><\/div>\n                <a href=\"https:\/\/www.lachienne.com\/?p=1735\" class=\"u-blog-control u-btn u-button-style u-grey-10 u-btn-1\" data-lang-fr=\"{\"content\":\"Read More\",\"href\":\"https:\/\/www.lachienne.com\/?p=868\"}\" data-lang-en=\"{\"content\":\"Read More\",\"href\":\"https:\/\/www.lachienne.com\/?p=868\"}\">EN SAVOIR PLUS ?<\/a>\n                <div class=\"u-align-left u-social-icons u-spacing-11 u-social-icons-1\">\n                  <a class=\"u-social-url\" target=\"_blank\" href=\"https:\/\/www.facebook.com\/icilachienne\/\" title=\"\"><span class=\"u-icon u-icon-circle u-social-facebook u-social-icon u-icon-1\"><svg class=\"u-svg-link\" preserveAspectRatio=\"xMidYMin slice\" viewBox=\"0 0 112 112\" style=\"\"><use xlink:href=\"#svg-1a31\"><\/use><\/svg><svg x=\"0px\" y=\"0px\" viewBox=\"0 0 112 112\" id=\"svg-1a31\" class=\"u-svg-content\"><circle fill=\"#3B5998\" cx=\"56.1\" cy=\"56.1\" r=\"55\"><\/circle><path fill=\"#FFFFFF\" d=\"M73.5,31.6h-9.1c-1.4,0-3.6,0.8-3.6,3.9v8.5h12.6L72,58.3H60.8v40.8H43.9V58.3h-8V43.9h8v-9.2\n            c0-6.7,3.1-17,17-17h12.5v13.9H73.5z\"><\/path><\/svg><\/span>\n                  <\/a>\n                  <a class=\"u-social-url\" target=\"_blank\" href=\"https:\/\/www.instagram.com\/elrotringo\/\" title=\"\"><span class=\"u-icon u-icon-circle u-social-icon u-social-instagram u-icon-2\"><svg class=\"u-svg-link\" preserveAspectRatio=\"xMidYMin slice\" viewBox=\"0 0 112 112\" style=\"\"><use xlink:href=\"#svg-da20\"><\/use><\/svg><svg x=\"0px\" y=\"0px\" viewBox=\"0 0 112 112\" id=\"svg-da20\" class=\"u-svg-content\"><circle fill=\"#C536A4\" cx=\"56.1\" cy=\"56.1\" r=\"55\"><\/circle><path fill=\"#FFFFFF\" d=\"M55.9,38.2c-9.9,0-17.9,8-17.9,17.9C38,66,46,74,55.9,74c9.9,0,17.9-8,17.9-17.9C73.8,46.2,65.8,38.2,55.9,38.2\n            z M55.9,66.4c-5.7,0-10.3-4.6-10.3-10.3c-0.1-5.7,4.6-10.3,10.3-10.3c5.7,0,10.3,4.6,10.3,10.3C66.2,61.8,61.6,66.4,55.9,66.4z\"><\/path><path fill=\"#FFFFFF\" d=\"M74.3,33.5c-2.3,0-4.2,1.9-4.2,4.2s1.9,4.2,4.2,4.2s4.2-1.9,4.2-4.2S76.6,33.5,74.3,33.5z\"><\/path><path fill=\"#FFFFFF\" d=\"M73.1,21.3H38.6c-9.7,0-17.5,7.9-17.5,17.5v34.5c0,9.7,7.9,17.6,17.5,17.6h34.5c9.7,0,17.5-7.9,17.5-17.5V38.8\n            C90.6,29.1,82.7,21.3,73.1,21.3z M83,73.3c0,5.5-4.5,9.9-9.9,9.9H38.6c-5.5,0-9.9-4.5-9.9-9.9V38.8c0-5.5,4.5-9.9,9.9-9.9h34.5\n            c5.5,0,9.9,4.5,9.9,9.9V73.3z\"><\/path><\/svg><\/span>\n                  <\/a>\n                <\/div>\n              <\/div>\n            <\/div>\n            <div class=\"u-blog-post u-container-style u-palette-2-base u-repeater-item u-shape-rectangle u-repeater-item-1\">\n              <div class=\"u-container-layout u-similar-container u-container-layout-1\"><a class=\"custom-expanded u-blog-control u-image u-image-default lazyload u-image-1\" href=\"https:\/\/www.lachienne.com\/?p=1725\">\n                <img alt=\"\" class=\"custom-expanded u-blog-control u-image u-image-default lazyload u-image-1\" data-lang-fr=\"\" data-lang-en=\"\" data-src=\"https:\/\/www.lachienne.com\/wp-content\/uploads\/2023\/10\/couve-heresie23.jpg\"><\/a>\n                <h2 class=\"u-align-left u-blog-control u-text u-text-1\" data-lang-fr=\"\n            <a class=&quot;u-post-header-link&quot; href=&quot;https:\/\/www.lachienne.com\/?p=868&quot;>LA CHIENNE NOUVELLE EST ARRIV\u00c9E !<\/a>\n          \" data-lang-en=\"\n            <a class=&quot;u-post-header-link&quot; href=&quot;https:\/\/www.lachienne.com\/?p=868&quot;>LA CHIENNE NOUVELLE EST ARRIV\u00c9E !<\/a>\n          \">\n                  <a class=\"u-post-header-link\" href=\"https:\/\/www.lachienne.com\/?p=1725\">NOUVELLE \u00c9DITION DES  \"H\u00c9R\u00c9SIES DU TYPONOCLASTE\"<\/a>\n                <\/h2>\n                <div class=\"u-blog-control u-metadata u-text-grey-40 u-metadata-1\">\n                  <span class=\"u-meta-date u-meta-icon\">21 octobre 2023<\/span>\n                  <span class=\"u-meta-comments u-meta-icon\"><a class=\"u-textlink\" href=\"https:\/\/www.lachienne.com\/?p=1725#comments\">Comments (2)<\/a><\/span>\n                <\/div>\n                <div class=\"u-align-left u-blog-control u-post-content u-text u-text-2\" data-lang-fr=\"APR\u00c9S un bref temps d'interruption, la chienne reprend du poil de la b\u00eate et se fait une peau tout neuve pour vous pr\u00e9senter d\u00e9sormais de fa\u00e7on \u2026\" data-lang-en=\"APR\u00c9S un bref temps d'interruption, la chienne reprend du poil de la b\u00eate et se fait une peau tout neuve pour vous pr\u00e9senter d\u00e9sormais de fa\u00e7on \u2026\"><p>\nOYEZ OYEZ SOYEZ TOUTE OREILLE ! POUR CEUSSES L\u00c0 QUI N'AURAIT POINT VU PASSER MES \"NOUVELLES H\u00c9R\u00c9SIES DU TYPONOCLASTE\" LORS DE LEUR PREMI\u00c8RE &hellip;<\/p><\/div>\n                <a href=\"https:\/\/www.lachienne.com\/?p=1725\" class=\"u-blog-control u-btn u-button-style u-grey-10 u-btn-1\" data-lang-fr=\"{\"content\":\"Read More\",\"href\":\"https:\/\/www.lachienne.com\/?p=868\"}\" data-lang-en=\"{\"content\":\"Read More\",\"href\":\"https:\/\/www.lachienne.com\/?p=868\"}\">EN SAVOIR PLUS ?<\/a>\n                <div class=\"u-align-left u-social-icons u-spacing-11 u-social-icons-1\">\n                  <a class=\"u-social-url\" target=\"_blank\" href=\"https:\/\/www.facebook.com\/icilachienne\/\" title=\"\"><span class=\"u-icon u-icon-circle u-social-facebook u-social-icon u-icon-1\"><svg class=\"u-svg-link\" preserveAspectRatio=\"xMidYMin slice\" viewBox=\"0 0 112 112\" style=\"\"><use xlink:href=\"#svg-1a31\"><\/use><\/svg><svg x=\"0px\" y=\"0px\" viewBox=\"0 0 112 112\" id=\"svg-1a31\" class=\"u-svg-content\"><circle fill=\"#3B5998\" cx=\"56.1\" cy=\"56.1\" r=\"55\"><\/circle><path fill=\"#FFFFFF\" d=\"M73.5,31.6h-9.1c-1.4,0-3.6,0.8-3.6,3.9v8.5h12.6L72,58.3H60.8v40.8H43.9V58.3h-8V43.9h8v-9.2\n            c0-6.7,3.1-17,17-17h12.5v13.9H73.5z\"><\/path><\/svg><\/span>\n                  <\/a>\n                  <a class=\"u-social-url\" target=\"_blank\" href=\"https:\/\/www.instagram.com\/elrotringo\/\" title=\"\"><span class=\"u-icon u-icon-circle u-social-icon u-social-instagram u-icon-2\"><svg class=\"u-svg-link\" preserveAspectRatio=\"xMidYMin slice\" viewBox=\"0 0 112 112\" style=\"\"><use xlink:href=\"#svg-da20\"><\/use><\/svg><svg x=\"0px\" y=\"0px\" viewBox=\"0 0 112 112\" id=\"svg-da20\" class=\"u-svg-content\"><circle fill=\"#C536A4\" cx=\"56.1\" cy=\"56.1\" r=\"55\"><\/circle><path fill=\"#FFFFFF\" d=\"M55.9,38.2c-9.9,0-17.9,8-17.9,17.9C38,66,46,74,55.9,74c9.9,0,17.9-8,17.9-17.9C73.8,46.2,65.8,38.2,55.9,38.2\n            z M55.9,66.4c-5.7,0-10.3-4.6-10.3-10.3c-0.1-5.7,4.6-10.3,10.3-10.3c5.7,0,10.3,4.6,10.3,10.3C66.2,61.8,61.6,66.4,55.9,66.4z\"><\/path><path fill=\"#FFFFFF\" d=\"M74.3,33.5c-2.3,0-4.2,1.9-4.2,4.2s1.9,4.2,4.2,4.2s4.2-1.9,4.2-4.2S76.6,33.5,74.3,33.5z\"><\/path><path fill=\"#FFFFFF\" d=\"M73.1,21.3H38.6c-9.7,0-17.5,7.9-17.5,17.5v34.5c0,9.7,7.9,17.6,17.5,17.6h34.5c9.7,0,17.5-7.9,17.5-17.5V38.8\n            C90.6,29.1,82.7,21.3,73.1,21.3z M83,73.3c0,5.5-4.5,9.9-9.9,9.9H38.6c-5.5,0-9.9-4.5-9.9-9.9V38.8c0-5.5,4.5-9.9,9.9-9.9h34.5\n            c5.5,0,9.9,4.5,9.9,9.9V73.3z\"><\/path><\/svg><\/span>\n                  <\/a>\n                <\/div>\n              <\/div>\n            <\/div>\n            <div class=\"u-blog-post u-container-style u-palette-2-base u-repeater-item u-shape-rectangle u-repeater-item-1\">\n              <div class=\"u-container-layout u-similar-container u-container-layout-1\"><a class=\"custom-expanded u-blog-control u-image u-image-default lazyload u-image-1\" href=\"https:\/\/www.lachienne.com\/?p=868\">\n                <img alt=\"\" class=\"custom-expanded u-blog-control u-image u-image-default lazyload u-image-1\" data-lang-fr=\"\" data-lang-en=\"\" data-src=\"http:\/\/www.lachienne.com\/wp-content\/uploads\/2023\/09\/Capture-decran-2023-09-19-a-20.50.54-1024x1024.png\"><\/a>\n                <h2 class=\"u-align-left u-blog-control u-text u-text-1\" data-lang-fr=\"\n            <a class=&quot;u-post-header-link&quot; href=&quot;https:\/\/www.lachienne.com\/?p=868&quot;>LA CHIENNE NOUVELLE EST ARRIV\u00c9E !<\/a>\n          \" data-lang-en=\"\n            <a class=&quot;u-post-header-link&quot; href=&quot;https:\/\/www.lachienne.com\/?p=868&quot;>LA CHIENNE NOUVELLE EST ARRIV\u00c9E !<\/a>\n          \">\n                  <a class=\"u-post-header-link\" href=\"https:\/\/www.lachienne.com\/?p=868\">LA CHIENNE NOUVELLE EST ARRIV\u00c9E !<\/a>\n                <\/h2>\n                <div class=\"u-blog-control u-metadata u-text-grey-40 u-metadata-1\">\n                  <span class=\"u-meta-date u-meta-icon\">25 septembre 2023<\/span>\n                  <span class=\"u-meta-comments u-meta-icon\"><a class=\"u-textlink\" href=\"https:\/\/www.lachienne.com\/?p=868#respond\">Comments (0)<\/a><\/span>\n                <\/div>\n                <div class=\"u-align-left u-blog-control u-post-content u-text u-text-2\" data-lang-fr=\"APR\u00c9S un bref temps d'interruption, la chienne reprend du poil de la b\u00eate et se fait une peau tout neuve pour vous pr\u00e9senter d\u00e9sormais de fa\u00e7on \u2026\" data-lang-en=\"APR\u00c9S un bref temps d'interruption, la chienne reprend du poil de la b\u00eate et se fait une peau tout neuve pour vous pr\u00e9senter d\u00e9sormais de fa\u00e7on \u2026\">APR\u00c9S un bref temps d'interruption, la chienne reprend du poil de la b\u00eate et se fait une peau tout neuve pour vous pr\u00e9senter d\u00e9sormais de fa\u00e7on &hellip;<\/div>\n                <a href=\"https:\/\/www.lachienne.com\/?p=868\" class=\"u-blog-control u-btn u-button-style u-grey-10 u-btn-1\" data-lang-fr=\"{\"content\":\"Read More\",\"href\":\"https:\/\/www.lachienne.com\/?p=868\"}\" data-lang-en=\"{\"content\":\"Read More\",\"href\":\"https:\/\/www.lachienne.com\/?p=868\"}\">EN SAVOIR PLUS ?<\/a>\n                <div class=\"u-align-left u-social-icons u-spacing-11 u-social-icons-1\">\n                  <a class=\"u-social-url\" target=\"_blank\" href=\"https:\/\/www.facebook.com\/icilachienne\/\" title=\"\"><span class=\"u-icon u-icon-circle u-social-facebook u-social-icon u-icon-1\"><svg class=\"u-svg-link\" preserveAspectRatio=\"xMidYMin slice\" viewBox=\"0 0 112 112\" style=\"\"><use xlink:href=\"#svg-1a31\"><\/use><\/svg><svg x=\"0px\" y=\"0px\" viewBox=\"0 0 112 112\" id=\"svg-1a31\" class=\"u-svg-content\"><circle fill=\"#3B5998\" cx=\"56.1\" cy=\"56.1\" r=\"55\"><\/circle><path fill=\"#FFFFFF\" d=\"M73.5,31.6h-9.1c-1.4,0-3.6,0.8-3.6,3.9v8.5h12.6L72,58.3H60.8v40.8H43.9V58.3h-8V43.9h8v-9.2\n            c0-6.7,3.1-17,17-17h12.5v13.9H73.5z\"><\/path><\/svg><\/span>\n                  <\/a>\n                  <a class=\"u-social-url\" target=\"_blank\" href=\"https:\/\/www.instagram.com\/elrotringo\/\" title=\"\"><span class=\"u-icon u-icon-circle u-social-icon u-social-instagram u-icon-2\"><svg class=\"u-svg-link\" preserveAspectRatio=\"xMidYMin slice\" viewBox=\"0 0 112 112\" style=\"\"><use xlink:href=\"#svg-da20\"><\/use><\/svg><svg x=\"0px\" y=\"0px\" viewBox=\"0 0 112 112\" id=\"svg-da20\" class=\"u-svg-content\"><circle fill=\"#C536A4\" cx=\"56.1\" cy=\"56.1\" r=\"55\"><\/circle><path fill=\"#FFFFFF\" d=\"M55.9,38.2c-9.9,0-17.9,8-17.9,17.9C38,66,46,74,55.9,74c9.9,0,17.9-8,17.9-17.9C73.8,46.2,65.8,38.2,55.9,38.2\n            z M55.9,66.4c-5.7,0-10.3-4.6-10.3-10.3c-0.1-5.7,4.6-10.3,10.3-10.3c5.7,0,10.3,4.6,10.3,10.3C66.2,61.8,61.6,66.4,55.9,66.4z\"><\/path><path fill=\"#FFFFFF\" d=\"M74.3,33.5c-2.3,0-4.2,1.9-4.2,4.2s1.9,4.2,4.2,4.2s4.2-1.9,4.2-4.2S76.6,33.5,74.3,33.5z\"><\/path><path fill=\"#FFFFFF\" d=\"M73.1,21.3H38.6c-9.7,0-17.5,7.9-17.5,17.5v34.5c0,9.7,7.9,17.6,17.5,17.6h34.5c9.7,0,17.5-7.9,17.5-17.5V38.8\n            C90.6,29.1,82.7,21.3,73.1,21.3z M83,73.3c0,5.5-4.5,9.9-9.9,9.9H38.6c-5.5,0-9.9-4.5-9.9-9.9V38.8c0-5.5,4.5-9.9,9.9-9.9h34.5\n            c5.5,0,9.9,4.5,9.9,9.9V73.3z\"><\/path><\/svg><\/span>\n                  <\/a>\n                <\/div>\n              <\/div>\n            <\/div>\n            <div class=\"u-blog-post u-container-style u-palette-2-base u-repeater-item u-shape-rectangle u-repeater-item-1\">\n              <div class=\"u-container-layout u-similar-container u-container-layout-1\"><a class=\"custom-expanded u-blog-control u-image u-image-default lazyload u-image-1\" href=\"https:\/\/www.lachienne.com\/?p=852\">\n                <img alt=\"\" class=\"custom-expanded u-blog-control u-image u-image-default lazyload u-image-1\" data-lang-fr=\"\" data-lang-en=\"\" data-src=\"https:\/\/www.lachienne.com\/wp-content\/uploads\/2023\/09\/couverture_rigide-conscience.jpg\"><\/a>\n                <h2 class=\"u-align-left u-blog-control u-text u-text-1\" data-lang-fr=\"\n            <a class=&quot;u-post-header-link&quot; href=&quot;https:\/\/www.lachienne.com\/?p=868&quot;>LA CHIENNE NOUVELLE EST ARRIV\u00c9E !<\/a>\n          \" data-lang-en=\"\n            <a class=&quot;u-post-header-link&quot; href=&quot;https:\/\/www.lachienne.com\/?p=868&quot;>LA CHIENNE NOUVELLE EST ARRIV\u00c9E !<\/a>\n          \">\n                  <a class=\"u-post-header-link\" href=\"https:\/\/www.lachienne.com\/?p=852\">CONSCIENCE<\/a>\n                <\/h2>\n                <div class=\"u-blog-control u-metadata u-text-grey-40 u-metadata-1\">\n                  <span class=\"u-meta-date u-meta-icon\">25 septembre 2023<\/span>\n                  <span class=\"u-meta-comments u-meta-icon\"><a class=\"u-textlink\" href=\"https:\/\/www.lachienne.com\/?p=852#respond\">Comments (0)<\/a><\/span>\n                <\/div>\n                <div class=\"u-align-left u-blog-control u-post-content u-text u-text-2\" data-lang-fr=\"APR\u00c9S un bref temps d'interruption, la chienne reprend du poil de la b\u00eate et se fait une peau tout neuve pour vous pr\u00e9senter d\u00e9sormais de fa\u00e7on \u2026\" data-lang-en=\"APR\u00c9S un bref temps d'interruption, la chienne reprend du poil de la b\u00eate et se fait une peau tout neuve pour vous pr\u00e9senter d\u00e9sormais de fa\u00e7on \u2026\"><p>\nBonne nouvelle! la souscription pour le nouveau livre de la chienne est termin\u00e9e et compl\u00e8te. Le livre sortira en octobre 2023, son titre ? &hellip;<\/p><\/div>\n                <a href=\"https:\/\/www.lachienne.com\/?p=852\" class=\"u-blog-control u-btn u-button-style u-grey-10 u-btn-1\" data-lang-fr=\"{\"content\":\"Read More\",\"href\":\"https:\/\/www.lachienne.com\/?p=868\"}\" data-lang-en=\"{\"content\":\"Read More\",\"href\":\"https:\/\/www.lachienne.com\/?p=868\"}\">EN SAVOIR PLUS ?<\/a>\n                <div class=\"u-align-left u-social-icons u-spacing-11 u-social-icons-1\">\n                  <a class=\"u-social-url\" target=\"_blank\" href=\"https:\/\/www.facebook.com\/icilachienne\/\" title=\"\"><span class=\"u-icon u-icon-circle u-social-facebook u-social-icon u-icon-1\"><svg class=\"u-svg-link\" preserveAspectRatio=\"xMidYMin slice\" viewBox=\"0 0 112 112\" style=\"\"><use xlink:href=\"#svg-1a31\"><\/use><\/svg><svg x=\"0px\" y=\"0px\" viewBox=\"0 0 112 112\" id=\"svg-1a31\" class=\"u-svg-content\"><circle fill=\"#3B5998\" cx=\"56.1\" cy=\"56.1\" r=\"55\"><\/circle><path fill=\"#FFFFFF\" d=\"M73.5,31.6h-9.1c-1.4,0-3.6,0.8-3.6,3.9v8.5h12.6L72,58.3H60.8v40.8H43.9V58.3h-8V43.9h8v-9.2\n            c0-6.7,3.1-17,17-17h12.5v13.9H73.5z\"><\/path><\/svg><\/span>\n                  <\/a>\n                  <a class=\"u-social-url\" target=\"_blank\" href=\"https:\/\/www.instagram.com\/elrotringo\/\" title=\"\"><span class=\"u-icon u-icon-circle u-social-icon u-social-instagram u-icon-2\"><svg class=\"u-svg-link\" preserveAspectRatio=\"xMidYMin slice\" viewBox=\"0 0 112 112\" style=\"\"><use xlink:href=\"#svg-da20\"><\/use><\/svg><svg x=\"0px\" y=\"0px\" viewBox=\"0 0 112 112\" id=\"svg-da20\" class=\"u-svg-content\"><circle fill=\"#C536A4\" cx=\"56.1\" cy=\"56.1\" r=\"55\"><\/circle><path fill=\"#FFFFFF\" d=\"M55.9,38.2c-9.9,0-17.9,8-17.9,17.9C38,66,46,74,55.9,74c9.9,0,17.9-8,17.9-17.9C73.8,46.2,65.8,38.2,55.9,38.2\n            z M55.9,66.4c-5.7,0-10.3-4.6-10.3-10.3c-0.1-5.7,4.6-10.3,10.3-10.3c5.7,0,10.3,4.6,10.3,10.3C66.2,61.8,61.6,66.4,55.9,66.4z\"><\/path><path fill=\"#FFFFFF\" d=\"M74.3,33.5c-2.3,0-4.2,1.9-4.2,4.2s1.9,4.2,4.2,4.2s4.2-1.9,4.2-4.2S76.6,33.5,74.3,33.5z\"><\/path><path fill=\"#FFFFFF\" d=\"M73.1,21.3H38.6c-9.7,0-17.5,7.9-17.5,17.5v34.5c0,9.7,7.9,17.6,17.5,17.6h34.5c9.7,0,17.5-7.9,17.5-17.5V38.8\n            C90.6,29.1,82.7,21.3,73.1,21.3z M83,73.3c0,5.5-4.5,9.9-9.9,9.9H38.6c-5.5,0-9.9-4.5-9.9-9.9V38.8c0-5.5,4.5-9.9,9.9-9.9h34.5\n            c5.5,0,9.9,4.5,9.9,9.9V73.3z\"><\/path><\/svg><\/span>\n                  <\/a>\n                <\/div>\n              <\/div>\n            <\/div>\n            <div class=\"u-blog-post u-container-style u-palette-2-base u-repeater-item u-shape-rectangle u-repeater-item-1\">\n              <div class=\"u-container-layout u-similar-container u-container-layout-1\"><a class=\"custom-expanded u-blog-control u-image u-image-default lazyload u-image-1\" href=\"https:\/\/www.lachienne.com\/?p=174\">\n                <img alt=\"\" class=\"custom-expanded u-blog-control u-image u-image-default lazyload u-image-1\" data-lang-fr=\"\" data-lang-en=\"\" data-src=\"https:\/\/www.lachienne.com\/wp-content\/uploads\/2023\/10\/CORTEX-AESTHETICO_Page_009.jpg\"><\/a>\n                <h2 class=\"u-align-left u-blog-control u-text u-text-1\" data-lang-fr=\"\n            <a class=&quot;u-post-header-link&quot; href=&quot;https:\/\/www.lachienne.com\/?p=868&quot;>LA CHIENNE NOUVELLE EST ARRIV\u00c9E !<\/a>\n          \" data-lang-en=\"\n            <a class=&quot;u-post-header-link&quot; href=&quot;https:\/\/www.lachienne.com\/?p=868&quot;>LA CHIENNE NOUVELLE EST ARRIV\u00c9E !<\/a>\n          \">\n                  <a class=\"u-post-header-link\" href=\"https:\/\/www.lachienne.com\/?p=174\">UN NOUVEAU LIVRE POUR LA RENTR\u00c9E 2023<\/a>\n                <\/h2>\n                <div class=\"u-blog-control u-metadata u-text-grey-40 u-metadata-1\">\n                  <span class=\"u-meta-date u-meta-icon\">23 septembre 2023<\/span>\n                  <span class=\"u-meta-comments u-meta-icon\"><a class=\"u-textlink\" href=\"https:\/\/www.lachienne.com\/?p=174#respond\">Comments (0)<\/a><\/span>\n                <\/div>\n                <div class=\"u-align-left u-blog-control u-post-content u-text u-text-2\" data-lang-fr=\"APR\u00c9S un bref temps d'interruption, la chienne reprend du poil de la b\u00eate et se fait une peau tout neuve pour vous pr\u00e9senter d\u00e9sormais de fa\u00e7on \u2026\" data-lang-en=\"APR\u00c9S un bref temps d'interruption, la chienne reprend du poil de la b\u00eate et se fait une peau tout neuve pour vous pr\u00e9senter d\u00e9sormais de fa\u00e7on \u2026\"><p>\n\n\n\n\n\n\n\n\n\n\n\n\n\n\n\n\n\n\n\n\n\n\n\n\n\n\n\n\n\n\n\n\n\n\n\n\n\/\n<\/p><\/div>\n                <a href=\"https:\/\/www.lachienne.com\/?p=174\" class=\"u-blog-control u-btn u-button-style u-grey-10 u-btn-1\" data-lang-fr=\"{\"content\":\"Read More\",\"href\":\"https:\/\/www.lachienne.com\/?p=868\"}\" data-lang-en=\"{\"content\":\"Read More\",\"href\":\"https:\/\/www.lachienne.com\/?p=868\"}\">EN SAVOIR PLUS ?<\/a>\n                <div class=\"u-align-left u-social-icons u-spacing-11 u-social-icons-1\">\n                  <a class=\"u-social-url\" target=\"_blank\" href=\"https:\/\/www.facebook.com\/icilachienne\/\" title=\"\"><span class=\"u-icon u-icon-circle u-social-facebook u-social-icon u-icon-1\"><svg class=\"u-svg-link\" preserveAspectRatio=\"xMidYMin slice\" viewBox=\"0 0 112 112\" style=\"\"><use xlink:href=\"#svg-1a31\"><\/use><\/svg><svg x=\"0px\" y=\"0px\" viewBox=\"0 0 112 112\" id=\"svg-1a31\" class=\"u-svg-content\"><circle fill=\"#3B5998\" cx=\"56.1\" cy=\"56.1\" r=\"55\"><\/circle><path fill=\"#FFFFFF\" d=\"M73.5,31.6h-9.1c-1.4,0-3.6,0.8-3.6,3.9v8.5h12.6L72,58.3H60.8v40.8H43.9V58.3h-8V43.9h8v-9.2\n            c0-6.7,3.1-17,17-17h12.5v13.9H73.5z\"><\/path><\/svg><\/span>\n                  <\/a>\n                  <a class=\"u-social-url\" target=\"_blank\" href=\"https:\/\/www.instagram.com\/elrotringo\/\" title=\"\"><span class=\"u-icon u-icon-circle u-social-icon u-social-instagram u-icon-2\"><svg class=\"u-svg-link\" preserveAspectRatio=\"xMidYMin slice\" viewBox=\"0 0 112 112\" style=\"\"><use xlink:href=\"#svg-da20\"><\/use><\/svg><svg x=\"0px\" y=\"0px\" viewBox=\"0 0 112 112\" id=\"svg-da20\" class=\"u-svg-content\"><circle fill=\"#C536A4\" cx=\"56.1\" cy=\"56.1\" r=\"55\"><\/circle><path fill=\"#FFFFFF\" d=\"M55.9,38.2c-9.9,0-17.9,8-17.9,17.9C38,66,46,74,55.9,74c9.9,0,17.9-8,17.9-17.9C73.8,46.2,65.8,38.2,55.9,38.2\n            z M55.9,66.4c-5.7,0-10.3-4.6-10.3-10.3c-0.1-5.7,4.6-10.3,10.3-10.3c5.7,0,10.3,4.6,10.3,10.3C66.2,61.8,61.6,66.4,55.9,66.4z\"><\/path><path fill=\"#FFFFFF\" d=\"M74.3,33.5c-2.3,0-4.2,1.9-4.2,4.2s1.9,4.2,4.2,4.2s4.2-1.9,4.2-4.2S76.6,33.5,74.3,33.5z\"><\/path><path fill=\"#FFFFFF\" d=\"M73.1,21.3H38.6c-9.7,0-17.5,7.9-17.5,17.5v34.5c0,9.7,7.9,17.6,17.5,17.6h34.5c9.7,0,17.5-7.9,17.5-17.5V38.8\n            C90.6,29.1,82.7,21.3,73.1,21.3z M83,73.3c0,5.5-4.5,9.9-9.9,9.9H38.6c-5.5,0-9.9-4.5-9.9-9.9V38.8c0-5.5,4.5-9.9,9.9-9.9h34.5\n            c5.5,0,9.9,4.5,9.9,9.9V73.3z\"><\/path><\/svg><\/span>\n                  <\/a>\n                <\/div>\n              <\/div>\n            <\/div>\n          <\/div>\n        <\/div>\n      <\/div>\n    <\/section>\n    \n    \n    \n    \n  \n","protected":false},"excerpt":{"rendered":"<p>ON Y EST, \u00c7A Y EST !! 6 novembre 2023 Comments (0) \u00ab PORTRAIT D&rsquo;UN ARTISTE EN AUTO-ENTREPRENEUR \u00bb\u0152uvre spectaculaire marchande en ska\u00ef couleur chamois mort.JJt 2023 Le grand r\u00e9cit europ\u00e9en de&hellip; EN SAVOIR PLUS ? NOUVELLE \u00c9DITION DES \u00ab\u00a0H\u00c9R\u00c9SIES DU TYPONOCLASTE\u00a0\u00bb 21 octobre 2023 Comments (2) OYEZ OYEZ SOYEZ TOUTE OREILLE ! POUR CEUSSES &hellip; <a href=\"https:\/\/www.lachienne.com\/?page_id=1429\" class=\"more-link\">Continue reading<span class=\"screen-reader-text\"> \u00ab\u00a0Page BLOG\u00a0\u00bb<\/span><\/a><\/p>\n","protected":false},"author":1,"featured_media":0,"parent":0,"menu_order":0,"comment_status":"closed","ping_status":"closed","template":"","meta":{"footnotes":""},"class_list":["post-1429","page","type-page","status-publish","hentry"],"_links":{"self":[{"href":"https:\/\/www.lachienne.com\/index.php?rest_route=\/wp\/v2\/pages\/1429","targetHints":{"allow":["GET"]}}],"collection":[{"href":"https:\/\/www.lachienne.com\/index.php?rest_route=\/wp\/v2\/pages"}],"about":[{"href":"https:\/\/www.lachienne.com\/index.php?rest_route=\/wp\/v2\/types\/page"}],"author":[{"embeddable":true,"href":"https:\/\/www.lachienne.com\/index.php?rest_route=\/wp\/v2\/users\/1"}],"replies":[{"embeddable":true,"href":"https:\/\/www.lachienne.com\/index.php?rest_route=%2Fwp%2Fv2%2Fcomments&post=1429"}],"version-history":[{"count":7,"href":"https:\/\/www.lachienne.com\/index.php?rest_route=\/wp\/v2\/pages\/1429\/revisions"}],"predecessor-version":[{"id":1511,"href":"https:\/\/www.lachienne.com\/index.php?rest_route=\/wp\/v2\/pages\/1429\/revisions\/1511"}],"wp:attachment":[{"href":"https:\/\/www.lachienne.com\/index.php?rest_route=%2Fwp%2Fv2%2Fmedia&parent=1429"}],"curies":[{"name":"wp","href":"https:\/\/api.w.org\/{rel}","templated":true}]}}