{"id":26,"date":"2023-08-18T10:35:57","date_gmt":"2023-08-18T08:35:57","guid":{"rendered":"http:\/\/www.lachienne.com\/index.php\/a-propos\/"},"modified":"2023-12-07T20:12:18","modified_gmt":"2023-12-07T19:12:18","slug":"a-propos","status":"publish","type":"page","link":"https:\/\/www.lachienne.com\/?page_id=26","title":{"rendered":"\u00c0 PROPOS"},"content":{"rendered":"\n    \n    <section class=\"skrollable u-clearfix u-palette-2-base u-parallax u-section-2\" id=\"sec-4328\">\n      <div class=\"u-clearfix u-sheet u-sheet-1\">\n        <div class=\"u-clearfix u-group-elements u-group-elements-1\">\n          <h5 class=\"u-custom-font u-text u-text-default u-text-palette-3-base u-text-1\" data-animation-name=\"customAnimationIn\" data-animation-duration=\"1000\">Qui<\/h5>\n          <h5 class=\"u-custom-font u-text u-text-default u-text-2\" data-animation-name=\"customAnimationIn\" data-animation-duration=\"1000\">C'EST<\/h5>\n          <h5 class=\"u-custom-font u-text u-text-default u-text-3\" data-animation-name=\"customAnimationIn\" data-animation-duration=\"1000\">MAIS D'ABORD<\/h5>\n        <\/div>\n        <h5 class=\"u-custom-font u-text u-text-black u-text-default u-text-4\" data-animation-name=\"customAnimationIn\" data-animation-duration=\"1000\">LA CHIENNE<\/h5>\n        <img class=\"u-image u-image-contain u-image-default u-preserve-proportions lazyload u-image-1\" alt=\"\" data-image-width=\"307\" data-image-height=\"307\" data-animation-name=\"customAnimationIn\" data-animation-duration=\"1000\" data-src=\"https:\/\/www.lachienne.com\/wp-content\/uploads\/2023\/09\/puppy.png\">\n        <h1 class=\"u-custom-font u-text u-text-default u-text-5\">Un peu d'histoire<\/h1>\n        <h5 class=\"u-custom-font u-text u-text-default u-text-palette-3-base u-text-6\" data-animation-name=\"customAnimationIn\" data-animation-duration=\"1000\">?<\/h5>\n        <p class=\"u-align-left u-text u-text-7\"> On trouve pour la premi\u00e8re fois une trace de la chienne dans l\u2019histoire en 1901 lors du vote de la loi fran\u00e7aise sur les associations. En 1919 elle officie dans les pages de Zang Thumb Tumb et dans d\u2019autres dadazines.On la retrouve ensuite en 1936 en institutrice militante du front populaire.Elle s\u2019expatrie aux \u00e9tats unis en 1939 et serait alors l\u2019inspiratrice de Bob Kane pour son Bat-Man.En 1953 elle subit les foudres du r\u00e9v\u00e9rend Wertham lors de sa chasse aux sorci\u00e8res comunics et doit rentrer en Europe. Elle rencontre la Chlo\u00e9 de Boris Vian et pratique la premi\u00e8re ablation du n\u00e9nuphar.En 1957 elle est la premi\u00e8re chienne dans l\u2019espace, puis en 65 elle devient critique aux cahiers du cin\u00e9ma dont elle se fait virer pour avoir fait l\u2019apologie d\u2019un obscur navet am\u00e9ricain :&lt;&lt;&nbsp;Voyage to the planet of the pr\u00e9historic women.<br> En 1968 elle est aux cot\u00e9s de Robert Crumb, Robert Williams, Rick Griffin, Victor Moscoso et bien d\u2019autres dans l\u2019aventure des comix underground de la c\u00f4te ouest, elle en gardera un penchant immod\u00e9r\u00e9 pour les psychotropes.En 1978 elle serait apparut aur\u00e9ol\u00e9e de poudre de speed et de boites de bi\u00e8res \u00e0 la bande punkoide de Bazooka Prods pour leur apporter la lumi\u00e8re \u00e9lectrique. Au milieu des ann\u00e9es 80 elle lance un magazine international dans le monde : Sortez la chienne !Mais fin des ann\u00e9es 80 elle joue dans un obscur groupe de hard rock ayant emprunt\u00e9 son nom \u00e0 une bande dessin\u00e9e d\u2019Alan Moore et doit cesser la publication faute de temps.Les ann\u00e9es 90 l\u2019occasion d\u2019une remise en question du si\u00e8cle qu\u2019elle vient de vivre d\u2019o\u00f9 sortira le d\u00e9sir et la conviction profonde de poursuivre sa mission \u00e9vang\u00e9lisatrice des masses au bon go\u00fbt moderne.Elle est aujourd\u2019hui faiseuse de livres d\u2019anges dans l\u2019Audomarois et diseuse de bonnes aventures \u00e9lectronique et en profite pour multiplier les expos iconoclastes un peu partout.&nbsp;\n        <\/p>\n      <\/div>\n    <\/section>\n    <section class=\"u-align-left u-clearfix u-section-3\" id=\"sec-0b0e\">\n      <div class=\"u-clearfix u-sheet u-sheet-1\">\n        <div class=\"fr-view u-align-center u-clearfix u-rich-text u-text u-text-1\">\n          <h1 style=\"line-height: 1;\">\n            <span class=\"u-custom-font\" style=\"font-family: GELULE;\">\n              <span style=\"text-transform: uppercase;\">ARCHIVES<\/span>\n            <\/span>\n          <\/h1>\n          <p style=\"text-align: left;\">ON PEUT CONSULTER LA PLUPART DES OVNIS \u00c9DIT\u00c9S PAR LA CHIENNE SUR LE SITE DE <a href=\"\/\/GRAPHZINES.NET\">\n              <span style=\"font-weight: 700;\">GRA<\/span>\n            <\/a>\n            <span style=\"font-weight: 700;\">VEZONE<\/span> R\u00c9ALIS\u00c9 PAR L'EXCELLENT Dr GRAPHZINES, MISTER \u00c9RIC HEILMANN. !!!\n          <\/p>\n        <\/div>\n        <a href=\"https:\/\/gravezone.fr\/auteur-es\/el-rotringo\" class=\"u-btn u-btn-round u-button-style u-hover-palette-1-light-1 u-palette-1-base u-radius-50 u-btn-1\">GRAVEZONE<\/a>\n      <\/div>\n    <\/section>\n    \n    \n    \n    \n  \n","protected":false},"excerpt":{"rendered":"<p>Qui C&rsquo;EST MAIS D&rsquo;ABORD LA CHIENNE Un peu d&rsquo;histoire ? On trouve pour la premi\u00e8re fois une trace de la chienne dans l\u2019histoire en 1901 lors du vote de la loi fran\u00e7aise sur les associations. En 1919 elle officie dans les pages de Zang Thumb Tumb et dans d\u2019autres dadazines.On la retrouve ensuite en 1936 &hellip; <a href=\"https:\/\/www.lachienne.com\/?page_id=26\" class=\"more-link\">Continue reading<span class=\"screen-reader-text\"> \u00ab\u00a0\u00c0 PROPOS\u00a0\u00bb<\/span><\/a><\/p>\n","protected":false},"author":1,"featured_media":0,"parent":0,"menu_order":1,"comment_status":"closed","ping_status":"closed","template":"","meta":{"footnotes":""},"class_list":["post-26","page","type-page","status-publish","hentry"],"_links":{"self":[{"href":"https:\/\/www.lachienne.com\/index.php?rest_route=\/wp\/v2\/pages\/26","targetHints":{"allow":["GET"]}}],"collection":[{"href":"https:\/\/www.lachienne.com\/index.php?rest_route=\/wp\/v2\/pages"}],"about":[{"href":"https:\/\/www.lachienne.com\/index.php?rest_route=\/wp\/v2\/types\/page"}],"author":[{"embeddable":true,"href":"https:\/\/www.lachienne.com\/index.php?rest_route=\/wp\/v2\/users\/1"}],"replies":[{"embeddable":true,"href":"https:\/\/www.lachienne.com\/index.php?rest_route=%2Fwp%2Fv2%2Fcomments&post=26"}],"version-history":[{"count":13,"href":"https:\/\/www.lachienne.com\/index.php?rest_route=\/wp\/v2\/pages\/26\/revisions"}],"predecessor-version":[{"id":1741,"href":"https:\/\/www.lachienne.com\/index.php?rest_route=\/wp\/v2\/pages\/26\/revisions\/1741"}],"wp:attachment":[{"href":"https:\/\/www.lachienne.com\/index.php?rest_route=%2Fwp%2Fv2%2Fmedia&parent=26"}],"curies":[{"name":"wp","href":"https:\/\/api.w.org\/{rel}","templated":true}]}}