{"id":27,"date":"2023-08-18T10:35:58","date_gmt":"2023-08-18T08:35:58","guid":{"rendered":"http:\/\/www.lachienne.com\/index.php\/bouquins\/"},"modified":"2023-10-11T15:46:14","modified_gmt":"2023-10-11T13:46:14","slug":"bouquins","status":"publish","type":"page","link":"https:\/\/www.lachienne.com\/?page_id=27","title":{"rendered":"BOUQUINS"},"content":{"rendered":"\n    \n    <section class=\"u-clearfix u-container-align-center-md u-palette-2-base u-section-2\" id=\"carousel_dab7\">\n      <div class=\"u-clearfix u-sheet u-sheet-1\">\n        <img class=\"u-image u-image-contain u-image-default u-preserve-proportions lazyload u-image-1\" alt=\"\" data-image-width=\"114\" data-image-height=\"166\" data-animation-name=\"customAnimationIn\" data-animation-duration=\"2750\" data-lang-fr=\"\" data-lang-en=\"\" data-src=\"https:\/\/www.lachienne.com\/wp-content\/uploads\/2023\/08\/image.png\">\n        <h2 class=\"u-align-center u-custom-font u-text u-text-default u-text-1\" data-lang-fr=\"LA CHIENNE,<br>C'EST D'ABORD<br>DES LIVRES !\n        \" data-lang-en=\"\u200bTHE&amp;nbsp;DOG&amp;nbsp;IS&amp;nbsp;<br>FIRST&amp;nbsp;AND&amp;nbsp;<br>FOREMOST&amp;nbsp;BOOKS!\">LA CHIENNE,<br>C'EST D'ABORD<br>DES LIVRES ! \n        <\/h2>\n        <img class=\"u-image u-image-default u-preserve-proportions lazyload u-image-2\" alt=\"\" data-image-width=\"130\" data-image-height=\"58\" data-lang-fr=\"\" data-lang-en=\"\" data-src=\"https:\/\/www.lachienne.com\/wp-content\/uploads\/2023\/08\/image2-1.png\">\n        <p class=\"u-align-center u-text u-text-2\" data-lang-fr=\"\n          <span style=&quot;font-weight: 700; font-size: 1.5rem;&quot;> LA CHIENNE VEND SES PETITS !!!!!\ufeff&amp;nbsp;<\/span>\n          <br>\n          <span style=&quot;font-weight: 700;&quot;>C'est \u00e9pouvantable mais c'est comme \u00e7a, elle a de gros besoins, il lui faut s'acheter des croquettes, de la drogue, payer des livres et manger dans des restaus m\u00eame pas de luxe.&amp;nbsp;<br>Vous comprenez son probl\u00e8me, c'est normal de l'aider, allez, achetez sain! \n          <\/span>\n          <br>\n          <span style=&quot;font-size: 1.5rem; font-weight: 700;&quot;>ACHETEZ CHIENNE!<\/span>\n        \" data-lang-en=\"\n          <span style=&quot;font-weight: 700;&quot;> \u200b<\/span>THE&amp;nbsp;DOG&amp;nbsp;SELLS&amp;nbsp;HER&amp;nbsp;LITTLE&amp;nbsp;ONES!!!!&amp;nbsp;<br><br>It's&amp;nbsp;terrible&amp;nbsp;but&amp;nbsp;that's&amp;nbsp;how&amp;nbsp;it&amp;nbsp;is,&amp;nbsp;she&amp;nbsp;has&amp;nbsp;big&amp;nbsp;needs,&amp;nbsp;<br>she&amp;nbsp;has&amp;nbsp;to&amp;nbsp;buy Croquettes,&amp;nbsp;drugs,&amp;nbsp;pay&amp;nbsp;for&amp;nbsp;books&amp;nbsp;<br>and&amp;nbsp;eat&amp;nbsp;in&amp;nbsp;restaurants&amp;nbsp;not&amp;nbsp;even&amp;nbsp;luxury.&amp;nbsp;<br>You&amp;nbsp;understand&amp;nbsp;his&amp;nbsp;problem,&amp;nbsp;it's&amp;nbsp;normal&amp;nbsp;to&amp;nbsp;help&amp;nbsp;HER,&amp;nbsp;<br>come&amp;nbsp;on,&amp;nbsp;buy&amp;nbsp;healthy!<br>BUY DOGGY !\">\n          <span style=\"font-weight: 700; font-size: 1.5rem;\"> LA CHIENNE VEND SES PETITS !!!!!\ufeff&nbsp;<\/span>\n          <br>\n          <span style=\"font-weight: 700;\">C'est \u00e9pouvantable mais c'est comme \u00e7a, elle a de gros besoins, il lui faut s'acheter des croquettes, de la drogue, payer des livres et manger dans des restaus m\u00eame pas de luxe.&nbsp;<br>Vous comprenez son probl\u00e8me, c'est normal de l'aider, allez, achetez sain! \n          <\/span>\n          <br>\n          <span style=\"font-size: 1.5rem; font-weight: 700;\">ACHETEZ CHIENNE!<\/span>\n        <\/p>\n      <\/div>\n    <\/section>\n    <section class=\"u-clearfix u-image u-image-tiles lazyload u-section-3\" id=\"sec-516b\" data-image-width=\"567\" data-image-height=\"567\" data-bg=\"url(&quot;https:\/\/www.lachienne.com\/wp-content\/uploads\/2023\/08\/patterno.jpg&quot;)\">\n      <div class=\"u-clearfix u-sheet u-valign-middle u-sheet-1\">\n        <div class=\"u-expanded-width u-list u-list-1\">\n          <div class=\"u-repeater u-repeater-1\">\n            <div class=\"u-container-style u-image u-image-default u-list-item u-repeater-item u-shading lazyload u-image-1\" data-image-width=\"834\" data-image-height=\"1089\" data-href=\"https:\/\/www.lachienne.com\/?page_id=195\" title=\"COUVERTURE 6\" data-bg=\"url('https:\/\/www.lachienne.com\/wp-content\/uploads\/2023\/08\/COUVERTURE6.jpg')\">\n              <div class=\"u-container-layout u-similar-container u-container-layout-1\">\n                <h3 class=\"u-align-center u-text u-text-default u-text-1\" data-lang-fr=\"COUVERTURE N\u00b06\" data-lang-en=\"COUVERTURE N\u00b06\">COUVERTURE N\u00b06<\/h3>\n                <p class=\"u-text u-text-2\" data-lang-fr=\"\u200bLE SIXI\u00c8ME NUM\u00c9RO DE COUVERTURE SE FAIT LE PORTE VOIX DE L'INTERNATIONALE PERMACULTURELLE !&amp;nbsp;\" data-lang-en=\"\u200b\u200bTHE&amp;nbsp;SIXTH&amp;nbsp;COVER&amp;nbsp;ISSUE&amp;nbsp;IS&amp;nbsp;<br>THE&amp;nbsp;VOICE&amp;nbsp;OF&amp;nbsp;THE&amp;nbsp;<br>PERMACULTURAL&amp;nbsp;<br>INTERNATIONAL!&amp;nbsp;\"> LE SIXI\u00c8ME NUM\u00c9RO DE COUVERTURE SE FAIT LE PORTE VOIX DE L'INTERNATIONALE PERMACULTURELLE !&nbsp;<\/p>\n              <\/div>\n            <\/div>\n            <div class=\"u-container-style u-image u-image-default u-list-item u-repeater-item u-shading lazyload u-image-2\" data-image-width=\"400\" data-image-height=\"576\" data-href=\"https:\/\/www.lachienne.com\/?page_id=401\" title=\"BONIVERT\" data-bg=\"url('https:\/\/www.lachienne.com\/wp-content\/uploads\/2023\/08\/JEFFEARLYWORKS2021_Page_01.jpg')\">\n              <div class=\"u-container-layout u-similar-container u-container-layout-2\">\n                <h3 class=\"u-align-center u-text u-text-default u-text-3\" data-lang-fr=\"JEFF BONIVERT<br>EARLY WORKS\" data-lang-en=\"JEFF BONIVERT<br>EARLY WORKS\">JEFF BONIVERT<br>EARLY WORKS\n                <\/h3>\n                <p class=\"u-text u-text-4\" data-lang-fr=\"\u200bLA CHIENNE QUOMIX N\u00b01 pr\u00e9sente les premi\u00e8res BD du dessinateur de San Francisco JEFF BONIVERT.&amp;nbsp;\" data-lang-en=\"\u200bLA CHIENNE QUOMIX N\u00b01 pr\u00e9sente les premi\u00e8res BD du dessinateur de San Francisco JEFF BONIVERT.&amp;nbsp;\"> LA CHIENNE QUOMIX N\u00b01 pr\u00e9sente les premi\u00e8res BD du dessinateur de San Francisco JEFF BONIVERT.&nbsp;<\/p>\n              <\/div>\n            <\/div>\n            <div class=\"u-container-style u-image u-image-default u-list-item u-repeater-item u-shading lazyload u-image-3\" data-image-width=\"400\" data-image-height=\"578\" data-href=\"https:\/\/www.lachienne.com\/?page_id=410\" title=\"TOUIS\" data-bg=\"url('https:\/\/www.lachienne.com\/wp-content\/uploads\/2023\/08\/TOUISQUOMIX_Page_01.jpg')\">\n              <div class=\"u-container-layout u-similar-container u-container-layout-3\">\n                <h3 class=\"u-align-center u-text u-text-default u-text-5\" data-lang-fr=\"TOUIS QUOMIX\" data-lang-en=\"TOUIS QUOMIX\">TOUIS QUOMIX<\/h3>\n                <p class=\"u-text u-text-6\" data-lang-fr=\"UNE COMPILATION COLORIS\u00c9E DU MAITRE DE LA BD GRAPHIQUE ET DES JAMBES \u00c9LASTIQUES !\" data-lang-en=\"A&amp;nbsp;COLORFUL&amp;nbsp;COMPILATION&amp;nbsp;OF&amp;nbsp;THE&amp;nbsp;MASTER&amp;nbsp;OF&amp;nbsp;GRAPHIC&amp;nbsp;COMICS&amp;nbsp;AND&amp;nbsp;ELASTIC&amp;nbsp;LEGS!\">UNE COMPILATION COLORIS\u00c9E DU MAITRE DE LA BD GRAPHIQUE ET DES JAMBES \u00c9LASTIQUES !<\/p>\n              <\/div>\n            <\/div>\n            <div class=\"u-container-style u-image u-image-default u-list-item u-repeater-item u-shading lazyload u-image-4\" data-image-width=\"400\" data-image-height=\"563\" data-href=\"https:\/\/www.lachienne.com\/?page_id=308\" title=\"AVENTURES DE DEMAIN\" data-bg=\"url('https:\/\/www.lachienne.com\/wp-content\/uploads\/2023\/08\/AVENTURESdeDEMAIN_Page_01.jpg')\">\n              <div class=\"u-container-layout u-similar-container u-container-layout-4\">\n                <h3 class=\"u-align-center u-text u-text-default u-text-7\" data-lang-fr=\"AVENTURES DE DEMAIN, VUES DHIER, AUJOURD'HUI.\" data-lang-en=\"AVENTURES DE DEMAIN, VUES DHIER, AUJOURD'HUI.\">AVENTURES DE DEMAIN, VUES DHIER, AUJOURD'HUI.<\/h3>\n                <p class=\"u-text u-text-8\" data-lang-fr=\"D\u00c9TOURNEMENT D'UN COMIC BOOK ANGLAIS DE RON TURNER, PUBLI\u00c9 PAR MARIJAC DANS LES ANN\u00c9ES 1950.\" data-lang-en=\"HIJACKING&amp;nbsp;OF&amp;nbsp;AN&amp;nbsp;ENGLISH&amp;nbsp;COMIC&amp;nbsp;BOOK&amp;nbsp;BY&amp;nbsp;RON&amp;nbsp;TURNER,&amp;nbsp;PUBLISHED&amp;nbsp;BY&amp;nbsp;MARIJAC&amp;nbsp;IN&amp;nbsp;THE&amp;nbsp;1950S.\">D\u00c9TOURNEMENT D'UN COMIC BOOK ANGLAIS DE RON TURNER, PUBLI\u00c9 PAR MARIJAC DANS LES ANN\u00c9ES 1950.<\/p>\n              <\/div>\n            <\/div>\n            <div class=\"u-container-style u-image u-image-default u-list-item u-repeater-item u-shading lazyload u-image-5\" data-image-width=\"563\" data-image-height=\"776\" data-href=\"https:\/\/www.lachienne.com\/?page_id=275\" title=\"IMPOSSIBLE QUOMIX\" data-bg=\"url('https:\/\/www.lachienne.com\/wp-content\/uploads\/2023\/08\/COUVE-IMPOSSIBLE-QUOMIX.jpg')\">\n              <div class=\"u-container-layout u-similar-container u-container-layout-5\">\n                <h3 class=\"u-align-center u-text u-text-default u-text-9\" data-lang-fr=\"IMPOSSIBLE QUOMIX\" data-lang-en=\"IMPOSSIBLE QUOMIX\">IMPOSSIBLE QUOMIX<\/h3>\n                <p class=\"u-text u-text-10\" data-lang-fr=\"\u200bUn hommage aux publications Artima des 50's\/60's qui publiait en fran\u00e7ais des s\u00e9ries DC Comics de Science fiction comme &quot;Strange Adventures&quot;, &quot;Mystery in Space&quot; ou &quot;Tales of the Unexpected&quot;.&amp;nbsp;\" data-lang-en=\"A&amp;nbsp;tribute&amp;nbsp;to&amp;nbsp;the&amp;nbsp;Artima&amp;nbsp;publications&amp;nbsp;of&amp;nbsp;the&amp;nbsp;50's\/60's&amp;nbsp;which&amp;nbsp;published&amp;nbsp;in&amp;nbsp;French&amp;nbsp;DC&amp;nbsp;Comics&amp;nbsp;series&amp;nbsp;of&amp;nbsp;Science&amp;nbsp;fiction&amp;nbsp;like&amp;nbsp;&quot;Strange&amp;nbsp;Adventures&quot;,&amp;nbsp;&quot;Mystery&amp;nbsp;in&amp;nbsp;Space&quot;&amp;nbsp;or&amp;nbsp;&quot;Tales&amp;nbsp;of&amp;nbsp;the&amp;nbsp;Unexpected&quot;.&amp;nbsp;\"> Un hommage aux publications Artima des 50's\/60's qui publiait en fran\u00e7ais des s\u00e9ries DC Comics de Science fiction comme \"Strange Adventures\", \"Mystery in Space\" ou \"Tales of the Unexpected\".&nbsp;<\/p>\n              <\/div>\n            <\/div>\n            <div class=\"u-container-style u-image u-image-default u-list-item u-repeater-item u-shading lazyload u-image-6\" data-image-width=\"1626\" data-image-height=\"2293\" data-href=\"https:\/\/www.lachienne.com\/?page_id=301\" title=\"INACTION QUOMIX\" data-bg=\"url('https:\/\/www.lachienne.com\/wp-content\/uploads\/2023\/08\/COUVE-INACTION-2.jpg')\">\n              <div class=\"u-container-layout u-similar-container u-container-layout-6\">\n                <h3 class=\"u-align-center u-text u-text-default u-text-11\" data-lang-fr=\"INACTION QUOMIX\" data-lang-en=\"INACTION QUOMIX\">INACTION QUOMIX<\/h3>\n                <p class=\"u-text u-text-12\" data-lang-fr=\"\u200bIn french in zeu text, une aventure du Quomix lui-m\u00eame, au pay des Quomix !\" data-lang-en=\"In&amp;nbsp;French&amp;nbsp;in&amp;nbsp;zeu&amp;nbsp;text,&amp;nbsp;an&amp;nbsp;adventure&amp;nbsp;of&amp;nbsp;the&amp;nbsp;Quomix&amp;nbsp;itself,&amp;nbsp;in&amp;nbsp;the&amp;nbsp;country&amp;nbsp;of&amp;nbsp;the&amp;nbsp;Quomix!\"> In french in zeu text, une aventure du Quomix lui-m\u00eame, au pay des Quomix !<\/p>\n              <\/div>\n            <\/div>\n            <div class=\"u-container-style u-image u-image-default u-list-item u-repeater-item u-shading lazyload u-image-7\" data-image-width=\"400\" data-image-height=\"564\" data-href=\"https:\/\/www.lachienne.com\/?page_id=368\" title=\"REVOPOP\" data-bg=\"url('https:\/\/www.lachienne.com\/wp-content\/uploads\/2023\/08\/REVOLUTION2_Page_01.jpg')\">\n              <div class=\"u-container-layout u-similar-container u-container-layout-7\">\n                <h3 class=\"u-align-center u-text u-text-default u-text-13\" data-lang-fr=\"REVO POP DANS LA CHIENNE Q\" data-lang-en=\"REVO POP DANS LA CHIENNE Q\">REVO POP DANS LA CHIENNE Q<\/h3>\n                <p class=\"u-text u-text-14\" data-lang-fr=\"M\u00c9TAPHORE FAUSSEMENT ANODINE D'UN TOTALITARISME OUBLI\u00c9 AU GO\u00dbT D'\u00c9LAN R\u00c9VOLUTIONNAIRE RADIEUX, \u00c7A VA MAL FINIR, ASSUR\u00c9MENT\" data-lang-en=\"A&amp;nbsp;FALSELY&amp;nbsp;INNOCUOUS&amp;nbsp;METAPHOR&amp;nbsp;FOR&amp;nbsp;A&amp;nbsp;FORGOTTEN&amp;nbsp;TOTALITARIANISM&amp;nbsp;WITH&amp;nbsp;A&amp;nbsp;TASTE&amp;nbsp;FOR&amp;nbsp;A&amp;nbsp;RADIANT&amp;nbsp;<br>REVOLUTIONARY&amp;nbsp;IMPULSE,&amp;nbsp;IT&amp;nbsp;WILL&amp;nbsp;END&amp;nbsp;BADLY,&amp;nbsp;FOR&amp;nbsp;SURE\">M\u00c9TAPHORE FAUSSEMENT ANODINE D'UN TOTALITARISME OUBLI\u00c9 AU GO\u00dbT D'\u00c9LAN R\u00c9VOLUTIONNAIRE RADIEUX, \u00c7A VA MAL FINIR, ASSUR\u00c9MENT<\/p>\n              <\/div>\n            <\/div>\n            <div class=\"u-container-style u-image u-image-default u-list-item u-repeater-item u-shading lazyload u-image-8\" data-image-width=\"1116\" data-image-height=\"1116\" data-href=\"https:\/\/www.lachienne.com\/?page_id=108\" title=\"Fen\u00eatre contextuelle 1\" data-bg=\"url(&quot;https:\/\/www.lachienne.com\/wp-content\/uploads\/2023\/08\/COUVE-FORMAT-CARRE-2-01.jpg&quot;)\">\n              <div class=\"u-container-layout u-similar-container u-container-layout-8\">\n                <h3 class=\"u-align-center u-text u-text-default u-text-15\" data-lang-fr=\"<a class=&quot;u-active-none u-border-none u-btn u-button-link u-button-style u-hover-none u-none u-text-white u-block-control u-btn-1&quot; href=&quot;https:\/\/www.lachienne.com\/index.php\/the-comic-books-tribute\/&quot; style=&quot;background-image: none; padding-top: 0; padding-bottom: 0; padding-left: 0; padding-right: 0&quot; data-block=&quot;49&quot;>TRIBUTE TO COMIC&amp;nbsp; BOOKS<\/a>\" data-lang-en=\"<a class=&quot;u-active-none u-border-none u-btn u-button-link u-button-style u-hover-none u-none u-text-white u-btn-1&quot; href=&quot;https:\/\/www.lachienne.com\/index.php\/the-comic-books-tribute\/&quot; style=&quot;background-image: none; padding-top: 0; padding-bottom: 0; padding-left: 0; padding-right: 0&quot; data-lang-fr=&quot;{&amp;quot;content&amp;quot;:&amp;quot;TRIBUTE TO COMIC&amp;amp;nbsp; BOOKS&amp;quot;,&amp;quot;href&amp;quot;:&amp;quot;https:\/\/www.lachienne.com\/index.php\/the-comic-books-tribute\/&amp;quot;}&quot;>TRIBUTE TO COMIC&amp;nbsp; BOOKS<\/a>\">\n                  <a class=\"u-active-none u-border-none u-btn u-button-link u-button-style u-hover-none u-none u-text-white u-btn-1\" href=\"https:\/\/www.lachienne.com\/index.php\/the-comic-books-tribute\/\">TRIBUTE TO COMIC&nbsp; BOOKS<\/a>\n                <\/h3>\n                <p class=\"u-text u-text-16\" data-lang-fr=\"Un hommage aux comic books du golden et silver age de mon enfance\" data-lang-en=\"A&amp;nbsp;tribute&amp;nbsp;to&amp;nbsp;the&amp;nbsp;comic&amp;nbsp;books&amp;nbsp;of&amp;nbsp;the&amp;nbsp;golden&amp;nbsp;and&amp;nbsp;silver&amp;nbsp;age&amp;nbsp;of&amp;nbsp;my&amp;nbsp;childhood\">Un hommage aux comic books du golden et silver age de mon enfance<\/p>\n              <\/div>\n            <\/div>\n            <div class=\"u-container-style u-image u-image-default u-list-item u-repeater-item u-shading lazyload u-image-9\" data-image-width=\"829\" data-image-height=\"782\" data-href=\"https:\/\/www.lachienne.com\/?page_id=352\" title=\"IDYLLIQUE ENTROPIE\" data-bg=\"url('https:\/\/www.lachienne.com\/wp-content\/uploads\/2023\/08\/idyllique-cover.jpg')\">\n              <div class=\"u-container-layout u-similar-container u-container-layout-9\">\n                <h3 class=\"u-align-center u-text u-text-default u-text-17\" data-lang-fr=\"IDYLLIQUE ENTROPIE\" data-lang-en=\"IDYLLIQUE ENTROPIE\">IDYLLIQUE ENTROPIE<\/h3>\n                <p class=\"u-text u-text-18\" data-lang-fr=\"LE CONTE QUE LES ENFANTS LISENT \u00c0 LEURS PARENTS \u00c0 L'HEURE DU COUCHER, AFIN QU'ILS AIENT DE BELLES PENS\u00c9ES ET ARR\u00c8TENT DE POURRIR LA PLAN\u00c8TE.\" data-lang-en=\"THE&amp;nbsp;TALE&amp;nbsp;THAT&amp;nbsp;CHILDREN&amp;nbsp;READ&amp;nbsp;TO&amp;nbsp;THEIR&amp;nbsp;PARENTS&amp;nbsp;AT&amp;nbsp;BEDTIME,&amp;nbsp;SO&amp;nbsp;<br>THAT&amp;nbsp;THEY&amp;nbsp;HAVE&amp;nbsp;GOOD&amp;nbsp;THOUGHTS&amp;nbsp;AND&amp;nbsp;STOP&amp;nbsp;ROTTING&amp;nbsp;THE&amp;nbsp;PLANET.\">LE CONTE QUE LES ENFANTS LISENT \u00c0 LEURS PARENTS \u00c0 L'HEURE DU COUCHER, AFIN QU'ILS AIENT DE BELLES PENS\u00c9ES ET ARR\u00c8TENT DE POURRIR LA PLAN\u00c8TE.<\/p>\n              <\/div>\n            <\/div>\n            <div class=\"u-container-style u-image u-image-default u-list-item u-repeater-item u-shading lazyload u-image-10\" data-image-width=\"1716\" data-image-height=\"1726\" data-bg=\"url('https:\/\/www.lachienne.com\/wp-content\/uploads\/2023\/08\/couve2.png')\">\n              <div class=\"u-container-layout u-similar-container u-container-layout-10\">\n                <h3 class=\"u-align-center u-text u-text-default u-text-19\" data-lang-fr=\"CORTEX \u00c6STHETICO\" data-lang-en=\"CORTEX \u00c6STHETICO\">CORTEX \u00c6STHETICO<\/h3>\n                <p class=\"u-text u-text-20\" data-lang-fr=\"COLLAGES VECTORIEL EN NOIR ET BLANC R\u00c9ALIS\u00c9 DU ANT LE CONFINEMENT DU COVID 19.\" data-lang-en=\"BLACK&amp;nbsp;AND&amp;nbsp;WHITE&amp;nbsp;VECTOR&amp;nbsp;COLLAGES&amp;nbsp;MADE&amp;nbsp;DURING&amp;nbsp;THE&amp;nbsp;COVID-19&amp;nbsp;LOCKDOWN.\">COLLAGES VECTORIEL EN NOIR ET BLANC R\u00c9ALIS\u00c9 DU ANT LE CONFINEMENT DU COVID 19.<\/p>\n              <\/div>\n            <\/div>\n            <div class=\"u-container-style u-image u-image-default u-list-item u-repeater-item u-shading lazyload u-image-11\" data-image-width=\"400\" data-image-height=\"576\" data-bg=\"url('https:\/\/www.lachienne.com\/wp-content\/uploads\/2023\/08\/QUOMIXQUOVERS2_Page_01.jpg')\">\n              <div class=\"u-container-layout u-similar-container u-container-layout-11\">\n                <h3 class=\"u-align-center u-text u-text-default u-text-21\" data-lang-fr=\"QUOMIX QUOVERS\" data-lang-en=\"QUOMIX QUOVERS\">QUOMIX QUOVERS<\/h3>\n                <p class=\"u-text u-text-22\" data-lang-fr=\"COMPILATION DE DETOURNEMENT DE COUVERTURE DE COMICS DU GOLDEN ET SILER AGE.\" data-lang-en=\"COMPILATION&amp;nbsp;OF&amp;nbsp;GOLDEN&amp;nbsp;AND<br>SILVER&amp;nbsp;AGE&amp;nbsp;COMICS&amp;nbsp;COVER&amp;nbsp;HIJACK.\">COMPILATION DE DETOURNEMENT DE COUVERTURE DE COMICS DU GOLDEN ET SILER AGE.<\/p>\n              <\/div>\n            <\/div>\n            <div class=\"u-container-style u-image u-image-default u-list-item u-repeater-item u-shading lazyload u-image-12\" data-image-width=\"400\" data-image-height=\"589\" data-href=\"https:\/\/www.lachienne.com\/?page_id=250\" title=\"SIDERANT\" data-bg=\"url('https:\/\/www.lachienne.com\/wp-content\/uploads\/2023\/08\/SIDERANT_Page_01.jpg')\">\n              <div class=\"u-container-layout u-similar-container u-container-layout-12\">\n                <h3 class=\"u-align-center u-text u-text-default u-text-23\" data-lang-fr=\"SIDERANT\" data-lang-en=\"SIDERANT\">SIDERANT<\/h3>\n                <p class=\"u-text u-text-24\" data-lang-fr=\"UN HOMMAGE AUX PUBLICATION ARTIMA DES 50'S\/60'S LORQU'ELLE PUBLIAIT LE MEILLEUR DE LA SCIENCE FICTION DES DC COMICS COMME STRANGE ADVENTURES OU MYSTERY IN SPACE.\" data-lang-en=\"A&amp;nbsp;TRIBUTE&amp;nbsp;TO&amp;nbsp;THE&amp;nbsp;ARTIMA&amp;nbsp;PUBLICATION&amp;nbsp;OF&amp;nbsp;50'S\/60'S&amp;nbsp;WHEN&amp;nbsp;SHE&amp;nbsp;PUBLISHED&amp;nbsp;THE&amp;nbsp;BEST&amp;nbsp;OF&amp;nbsp;SCIENCE&amp;nbsp;FICTION&amp;nbsp;FROM&amp;nbsp;DC&amp;nbsp;COMICS&amp;nbsp;LIKE&amp;nbsp;STRANGE&amp;nbsp;ADVENTURES&amp;nbsp;OR&amp;nbsp;MYSTERY&amp;nbsp;IN&amp;nbsp;SPACE.\">UN HOMMAGE AUX PUBLICATION ARTIMA DES 50'S\/60'S LORQU'ELLE PUBLIAIT LE MEILLEUR DE LA SCIENCE FICTION DES DC COMICS COMME STRANGE ADVENTURES OU MYSTERY IN SPACE.<\/p>\n              <\/div>\n            <\/div>\n            <div class=\"u-container-style u-image u-image-default u-list-item u-repeater-item u-shading lazyload u-image-13\" data-image-width=\"400\" data-image-height=\"576\" data-bg=\"url('https:\/\/www.lachienne.com\/wp-content\/uploads\/2023\/08\/KALEIDOPIACOLOR_Page_01.jpg')\">\n              <div class=\"u-container-layout u-similar-container u-container-layout-13\">\n                <h3 class=\"u-align-center u-text u-text-default u-text-25\" data-lang-fr=\"KALEIDOPIA QUOMIX\" data-lang-en=\"KALEIDOPIA QUOMIX\">KALEIDOPIA QUOMIX<\/h3>\n                <p class=\"u-text u-text-26\" data-lang-fr=\"HOMMAGE AUX COMIX PSYCHEDELIQUES DE LA PERIODE ZAP COMIX DANS CE QU'ILS AVAITENT DE PLUS AZYMUTH\u00c9S\" data-lang-en=\"TRIBUTE&amp;nbsp;TO&amp;nbsp;THE&amp;nbsp;PSYCHEDELIC&amp;nbsp;COMIX&amp;nbsp;OF&amp;nbsp;THE&amp;nbsp;ZAP&amp;nbsp;COMIX&amp;nbsp;PERIOD&amp;nbsp;IN&amp;nbsp;WHAT&amp;nbsp;THEY&amp;nbsp;HAD&amp;nbsp;MOST&amp;nbsp;AZYMUTHOUS\">HOMMAGE AUX COMIX PSYCHEDELIQUES DE LA PERIODE ZAP COMIX DANS CE QU'ILS AVAITENT DE PLUS AZYMUTH\u00c9S<\/p>\n              <\/div>\n            <\/div>\n            <div class=\"u-container-style u-image u-image-default u-list-item u-repeater-item u-shading lazyload u-image-14\" data-image-width=\"400\" data-image-height=\"556\" data-bg=\"url('https:\/\/www.lachienne.com\/wp-content\/uploads\/2023\/08\/CROUTE-DE-MUSEE-couverture_rigide.jpg')\">\n              <div class=\"u-container-layout u-similar-container u-container-layout-14\">\n                <h3 class=\"u-align-center u-text u-text-default u-text-27\" data-lang-fr=\"VIEILLES CARCASSES DE MUS\u00c9ES\" data-lang-en=\"VIEILLES CARCASSES DE MUS\u00c9ES\">VIEILLES CARCASSES DE MUS\u00c9ES<\/h3>\n                <p class=\"u-text u-text-28\" data-lang-fr=\"RECUEIL DE PIECES DE MUS\u00c9E D'ART MODERNE DU XXI E SI\u00c8CLE BRICOL\u00c9 SUR AI.\" data-lang-en=\"COLLECTION&amp;nbsp;OF&amp;nbsp;PIECES&amp;nbsp;OF&amp;nbsp;<br>MUSEUM&amp;nbsp;OF&amp;nbsp;MODERN&amp;nbsp;ART&amp;nbsp;OF&amp;nbsp;THE&amp;nbsp;<br>21ST&amp;nbsp;CENTURY&amp;nbsp;TINKERED&amp;nbsp;ON&amp;nbsp;AI.\">RECUEIL DE PIECES DE MUS\u00c9E D'ART MODERNE DU XXI E SI\u00c8CLE BRICOL\u00c9 SUR AI.<\/p>\n              <\/div>\n            <\/div>\n            <div class=\"u-container-style u-image u-image-default u-list-item u-repeater-item u-shading lazyload u-image-15\" data-image-width=\"400\" data-image-height=\"560\" data-bg=\"url('https:\/\/www.lachienne.com\/wp-content\/uploads\/2023\/08\/couverture_PECE-ET-TRADITIONS.jpg')\">\n              <div class=\"u-container-layout u-similar-container u-container-layout-15\">\n                <h3 class=\"u-align-center u-text u-text-default u-text-29\" data-lang-fr=\"P\u00caCHE ET TRADITIONS DE L'ESPACE\" data-lang-en=\"P\u00caCHE ET TRADITIONS DE L'ESPACE\">P\u00caCHE ET TRADITIONS DE L'ESPACE<\/h3>\n                <p class=\"u-text u-text-30\" data-lang-fr=\"JE N'Y COMPRENDS RIEN, C'EST DU MARTIEN!\" data-lang-en=\"I&amp;nbsp;DON'T&amp;nbsp;UNDERSTAND&amp;nbsp;IT,&amp;nbsp;IT'S&amp;nbsp;MARTIAN!\">JE N'Y COMPRENDS RIEN, C'EST DU MARTIEN!<\/p>\n              <\/div>\n            <\/div>\n            <div class=\"u-container-style u-image u-image-default u-list-item u-repeater-item u-shading lazyload u-image-16\" data-image-width=\"400\" data-image-height=\"577\" data-bg=\"url('https:\/\/www.lachienne.com\/wp-content\/uploads\/2023\/08\/SCIENCEFICTIONFURGEHORLOSE2_Page_01.jpg')\">\n              <div class=\"u-container-layout u-similar-container u-container-layout-16\">\n                <h3 class=\"u-align-center u-text u-text-default u-text-31\" data-lang-fr=\"SF FUR GEHORLOSE\" data-lang-en=\"SF FUR GEHORLOSE\">SF FUR GEHORLOSE<\/h3>\n                <p class=\"u-text u-text-32\" data-lang-fr=\"SCIENCE FICTION POUR LES SOURDS\" data-lang-en=\"\u200bSCIENCE&amp;nbsp;FICTION&amp;nbsp;FOR&amp;nbsp;THE&amp;nbsp;DEAF\">SCIENCE FICTION POUR LES SOURDS<\/p>\n              <\/div>\n            <\/div>\n            <div class=\"u-container-style u-image u-image-default u-list-item u-repeater-item u-shading lazyload u-image-17\" data-image-width=\"591\" data-image-height=\"850\" data-href=\"https:\/\/www.lachienne.com\/?page_id=385\" title=\"M\u00c9THODE DE PO\u00c9SIE\" data-bg=\"url('https:\/\/www.lachienne.com\/wp-content\/uploads\/2023\/08\/couvemethode.jpg')\">\n              <div class=\"u-container-layout u-similar-container u-container-layout-17\">\n                <h3 class=\"u-align-center u-text u-text-default u-text-33\" data-lang-fr=\"M\u00c9THODE DE PO\u00c9SIE\" data-lang-en=\"POETRY METHOD\">M\u00c9THODE DE PO\u00c9SIE<\/h3>\n                <p class=\"u-text u-text-34\" data-lang-fr=\"M\u00c9THODE PO\u00c9SIE APPLIQU\u00c9E \u00c0 LA PHYSIQUE QUANTIQUE PREMI\u00c8RE ANN\u00c9E, INITIATION.\" data-lang-en=\"FOR QUANTUM PHYSICS, 1st YEAR INITIATION\">M\u00c9THODE PO\u00c9SIE APPLIQU\u00c9E \u00c0 LA PHYSIQUE QUANTIQUE PREMI\u00c8RE ANN\u00c9E, INITIATION.<\/p>\n              <\/div>\n            <\/div>\n          <\/div>\n        <\/div>\n      <\/div>\n    <\/section>\n    \n    \n    \n    \n  \n","protected":false},"excerpt":{"rendered":"<p>LA CHIENNE,C&rsquo;EST D&rsquo;ABORDDES LIVRES ! LA CHIENNE VEND SES PETITS !!!!!\ufeff&nbsp; C&rsquo;est \u00e9pouvantable mais c&rsquo;est comme \u00e7a, elle a de gros besoins, il lui faut s&rsquo;acheter des croquettes, de la drogue, payer des livres et manger dans des restaus m\u00eame pas de luxe.&nbsp;Vous comprenez son probl\u00e8me, c&rsquo;est normal de l&rsquo;aider, allez, achetez sain! ACHETEZ CHIENNE! &hellip; <a href=\"https:\/\/www.lachienne.com\/?page_id=27\" class=\"more-link\">Continue reading<span class=\"screen-reader-text\"> \u00ab\u00a0BOUQUINS\u00a0\u00bb<\/span><\/a><\/p>\n","protected":false},"author":1,"featured_media":0,"parent":0,"menu_order":2,"comment_status":"closed","ping_status":"closed","template":"","meta":{"footnotes":""},"class_list":["post-27","page","type-page","status-publish","hentry"],"_links":{"self":[{"href":"https:\/\/www.lachienne.com\/index.php?rest_route=\/wp\/v2\/pages\/27","targetHints":{"allow":["GET"]}}],"collection":[{"href":"https:\/\/www.lachienne.com\/index.php?rest_route=\/wp\/v2\/pages"}],"about":[{"href":"https:\/\/www.lachienne.com\/index.php?rest_route=\/wp\/v2\/types\/page"}],"author":[{"embeddable":true,"href":"https:\/\/www.lachienne.com\/index.php?rest_route=\/wp\/v2\/users\/1"}],"replies":[{"embeddable":true,"href":"https:\/\/www.lachienne.com\/index.php?rest_route=%2Fwp%2Fv2%2Fcomments&post=27"}],"version-history":[{"count":39,"href":"https:\/\/www.lachienne.com\/index.php?rest_route=\/wp\/v2\/pages\/27\/revisions"}],"predecessor-version":[{"id":1574,"href":"https:\/\/www.lachienne.com\/index.php?rest_route=\/wp\/v2\/pages\/27\/revisions\/1574"}],"wp:attachment":[{"href":"https:\/\/www.lachienne.com\/index.php?rest_route=%2Fwp%2Fv2%2Fmedia&parent=27"}],"curies":[{"name":"wp","href":"https:\/\/api.w.org\/{rel}","templated":true}]}}