{"id":28,"date":"2023-08-18T10:35:59","date_gmt":"2023-08-18T08:35:59","guid":{"rendered":"http:\/\/www.lachienne.com\/index.php\/accueil\/"},"modified":"2023-12-14T00:18:01","modified_gmt":"2023-12-13T23:18:01","slug":"accueil","status":"publish","type":"page","link":"https:\/\/www.lachienne.com\/?page_id=28","title":{"rendered":"ACCUEIL"},"content":{"rendered":"\n    \n    <section class=\"skrollable u-align-center u-clearfix u-container-align-center u-lightbox u-palette-2-base u-parallax u-section-2\" id=\"carousel_f2ca\">\n      <div class=\"u-clearfix u-sheet u-sheet-1\">\n        <div class=\"u-blog u-expanded-width u-layout-grid u-pagination-center u-blog-1 u-hidden-visibility\" >\n          <div class=\"u-repeater u-repeater-1\">\n            <div class=\"u-blog-post u-container-style u-custom-item u-dialog-link u-repeater-item\" data-href=\"#sec-cc0d\" title=\"Fen\u00eatre contextuelle 1\">\n              <div class=\"u-container-layout u-similar-container u-container-layout-1\">\n                <h1 class=\"u-align-center u-blog-control u-custom-font u-text u-text-1\">\n                  <a class=\"u-post-header-link\" href=\"https:\/\/www.lachienne.com\/?p=1735\">ON Y EST, \u00c7A Y EST !!<\/a>\n                <\/h1>\n                <div class=\"u-rotation-parent u-rotation-parent-1\">\n                  <div class=\"u-custom-item u-palette-1-base u-preserve-proportions u-shape u-shape-circle u-shape-1\"><\/div>\n                <\/div><a class=\"u-align-center u-blog-control u-image u-image-default lazyload u-image-1\" href=\"https:\/\/www.lachienne.com\/?p=1735\">\n                <img alt=\"\" class=\"u-align-center u-blog-control u-image u-image-default lazyload u-image-1\" data-src=\"https:\/\/www.lachienne.com\/wp-content\/uploads\/2023\/11\/LOBOULO-1024x1024.jpg\"><\/a>\n                <div class=\"u-align-center u-blog-control u-metadata u-metadata-1\">\n                  <span class=\"u-meta-date u-meta-icon\">6 novembre 2023<\/span>\n                <\/div>\n                <div class=\"u-rotation-parent u-rotation-parent-2\">\n                  <div class=\"u-custom-item u-palette-1-base u-preserve-proportions u-shape u-shape-circle u-shape-2\"><\/div>\n                <\/div>\n                <div class=\"u-align-center u-blog-control u-custom-font u-custom-item u-font-oswald u-post-content u-text u-text-2\"><p>\n\u00ab PORTRAIT D'UN ARTISTE EN AUTO-ENTREPRENEUR \u00bb\u0152uvre spectaculaire marchande en ska\u00ef couleur chamois mort.JJt 2023\n\n\n\n\n\n\n\nLe grand r\u00e9cit europ\u00e9en de&hellip;<\/p>\n                <\/div>\n                <a href=\"https:\/\/www.lachienne.com\/?p=1735\" class=\"u-align-center u-blog-control u-border-20 u-border-palette-3-dark-2 u-btn u-button-style u-palette-3-base u-btn-1\">EN LIRE PLUS<\/a>\n              <\/div>\n            <\/div>\n            <div class=\"u-blog-post u-container-style u-custom-item u-dialog-link u-repeater-item\" data-href=\"#sec-cc0d\" title=\"Fen\u00eatre contextuelle 1\">\n              <div class=\"u-container-layout u-similar-container u-container-layout-1\">\n                <h1 class=\"u-align-center u-blog-control u-custom-font u-text u-text-1\">\n                  <a class=\"u-post-header-link\" href=\"https:\/\/www.lachienne.com\/?p=1725\">NOUVELLE \u00c9DITION DES  \"H\u00c9R\u00c9SIES DU TYPONOCLASTE\"<\/a>\n                <\/h1>\n                <div class=\"u-rotation-parent u-rotation-parent-1\">\n                  <div class=\"u-custom-item u-palette-1-base u-preserve-proportions u-shape u-shape-circle u-shape-1\"><\/div>\n                <\/div><a class=\"u-align-center u-blog-control u-image u-image-default lazyload u-image-1\" href=\"https:\/\/www.lachienne.com\/?p=1725\">\n                <img alt=\"\" class=\"u-align-center u-blog-control u-image u-image-default lazyload u-image-1\" data-src=\"https:\/\/www.lachienne.com\/wp-content\/uploads\/2023\/10\/couve-heresie23.jpg\"><\/a>\n                <div class=\"u-align-center u-blog-control u-metadata u-metadata-1\">\n                  <span class=\"u-meta-date u-meta-icon\">21 octobre 2023<\/span>\n                <\/div>\n                <div class=\"u-rotation-parent u-rotation-parent-2\">\n                  <div class=\"u-custom-item u-palette-1-base u-preserve-proportions u-shape u-shape-circle u-shape-2\"><\/div>\n                <\/div>\n                <div class=\"u-align-center u-blog-control u-custom-font u-custom-item u-font-oswald u-post-content u-text u-text-2\"><p>\nOYEZ OYEZ SOYEZ TOUTE OREILLE ! POUR CEUSSES L\u00c0 QUI N'AURAIT POINT VU PASSER MES \"NOUVELLES H\u00c9R\u00c9SIES DU TYPONOCLASTE\" LORS DE LEUR PREMI\u00c8RE &hellip;<\/p>\n                <\/div>\n                <a href=\"https:\/\/www.lachienne.com\/?p=1725\" class=\"u-align-center u-blog-control u-border-20 u-border-palette-3-dark-2 u-btn u-button-style u-palette-3-base u-btn-1\">EN LIRE PLUS<\/a>\n              <\/div>\n            <\/div>\n            <div class=\"u-blog-post u-container-style u-custom-item u-dialog-link u-repeater-item\" data-href=\"#sec-cc0d\" title=\"Fen\u00eatre contextuelle 1\">\n              <div class=\"u-container-layout u-similar-container u-container-layout-1\">\n                <h1 class=\"u-align-center u-blog-control u-custom-font u-text u-text-1\">\n                  <a class=\"u-post-header-link\" href=\"https:\/\/www.lachienne.com\/?p=868\">LA CHIENNE NOUVELLE EST ARRIV\u00c9E !<\/a>\n                <\/h1>\n                <div class=\"u-rotation-parent u-rotation-parent-1\">\n                  <div class=\"u-custom-item u-palette-1-base u-preserve-proportions u-shape u-shape-circle u-shape-1\"><\/div>\n                <\/div><a class=\"u-align-center u-blog-control u-image u-image-default lazyload u-image-1\" href=\"https:\/\/www.lachienne.com\/?p=868\">\n                <img alt=\"\" class=\"u-align-center u-blog-control u-image u-image-default lazyload u-image-1\" data-src=\"http:\/\/www.lachienne.com\/wp-content\/uploads\/2023\/09\/Capture-decran-2023-09-19-a-20.50.54-1024x1024.png\"><\/a>\n                <div class=\"u-align-center u-blog-control u-metadata u-metadata-1\">\n                  <span class=\"u-meta-date u-meta-icon\">25 septembre 2023<\/span>\n                <\/div>\n                <div class=\"u-rotation-parent u-rotation-parent-2\">\n                  <div class=\"u-custom-item u-palette-1-base u-preserve-proportions u-shape u-shape-circle u-shape-2\"><\/div>\n                <\/div>\n                <div class=\"u-align-center u-blog-control u-custom-font u-custom-item u-font-oswald u-post-content u-text u-text-2\">APR\u00c9S un bref temps d'interruption, la chienne reprend du poil de la b\u00eate et se fait une peau tout neuve pour vous pr\u00e9senter d\u00e9sormais de fa\u00e7on &hellip;\n                <\/div>\n                <a href=\"https:\/\/www.lachienne.com\/?p=868\" class=\"u-align-center u-blog-control u-border-20 u-border-palette-3-dark-2 u-btn u-button-style u-palette-3-base u-btn-1\">EN LIRE PLUS<\/a>\n              <\/div>\n            <\/div>\n            <div class=\"u-blog-post u-container-style u-custom-item u-dialog-link u-repeater-item\" data-href=\"#sec-cc0d\" title=\"Fen\u00eatre contextuelle 1\">\n              <div class=\"u-container-layout u-similar-container u-container-layout-1\">\n                <h1 class=\"u-align-center u-blog-control u-custom-font u-text u-text-1\">\n                  <a class=\"u-post-header-link\" href=\"https:\/\/www.lachienne.com\/?p=852\">CONSCIENCE<\/a>\n                <\/h1>\n                <div class=\"u-rotation-parent u-rotation-parent-1\">\n                  <div class=\"u-custom-item u-palette-1-base u-preserve-proportions u-shape u-shape-circle u-shape-1\"><\/div>\n                <\/div><a class=\"u-align-center u-blog-control u-image u-image-default lazyload u-image-1\" href=\"https:\/\/www.lachienne.com\/?p=852\">\n                <img alt=\"\" class=\"u-align-center u-blog-control u-image u-image-default lazyload u-image-1\" data-src=\"https:\/\/www.lachienne.com\/wp-content\/uploads\/2023\/09\/couverture_rigide-conscience.jpg\"><\/a>\n                <div class=\"u-align-center u-blog-control u-metadata u-metadata-1\">\n                  <span class=\"u-meta-date u-meta-icon\">25 septembre 2023<\/span>\n                <\/div>\n                <div class=\"u-rotation-parent u-rotation-parent-2\">\n                  <div class=\"u-custom-item u-palette-1-base u-preserve-proportions u-shape u-shape-circle u-shape-2\"><\/div>\n                <\/div>\n                <div class=\"u-align-center u-blog-control u-custom-font u-custom-item u-font-oswald u-post-content u-text u-text-2\"><p>\nBonne nouvelle! la souscription pour le nouveau livre de la chienne est termin\u00e9e et compl\u00e8te. Le livre sortira en octobre 2023, son titre ? &hellip;<\/p>\n                <\/div>\n                <a href=\"https:\/\/www.lachienne.com\/?p=852\" class=\"u-align-center u-blog-control u-border-20 u-border-palette-3-dark-2 u-btn u-button-style u-palette-3-base u-btn-1\">EN LIRE PLUS<\/a>\n              <\/div>\n            <\/div>\n            <div class=\"u-blog-post u-container-style u-custom-item u-dialog-link u-repeater-item\" data-href=\"#sec-cc0d\" title=\"Fen\u00eatre contextuelle 1\">\n              <div class=\"u-container-layout u-similar-container u-container-layout-1\">\n                <h1 class=\"u-align-center u-blog-control u-custom-font u-text u-text-1\">\n                  <a class=\"u-post-header-link\" href=\"https:\/\/www.lachienne.com\/?p=174\">UN NOUVEAU LIVRE POUR LA RENTR\u00c9E 2023<\/a>\n                <\/h1>\n                <div class=\"u-rotation-parent u-rotation-parent-1\">\n                  <div class=\"u-custom-item u-palette-1-base u-preserve-proportions u-shape u-shape-circle u-shape-1\"><\/div>\n                <\/div><a class=\"u-align-center u-blog-control u-image u-image-default lazyload u-image-1\" href=\"https:\/\/www.lachienne.com\/?p=174\">\n                <img alt=\"\" class=\"u-align-center u-blog-control u-image u-image-default lazyload u-image-1\" data-src=\"https:\/\/www.lachienne.com\/wp-content\/uploads\/2023\/10\/CORTEX-AESTHETICO_Page_009.jpg\"><\/a>\n                <div class=\"u-align-center u-blog-control u-metadata u-metadata-1\">\n                  <span class=\"u-meta-date u-meta-icon\">23 septembre 2023<\/span>\n                <\/div>\n                <div class=\"u-rotation-parent u-rotation-parent-2\">\n                  <div class=\"u-custom-item u-palette-1-base u-preserve-proportions u-shape u-shape-circle u-shape-2\"><\/div>\n                <\/div>\n                <div class=\"u-align-center u-blog-control u-custom-font u-custom-item u-font-oswald u-post-content u-text u-text-2\"><p>\n\n\n\n\n\n\n\n\n\n\n\n\n\n\n\n\n\n\n\n\n\n\n\n\n\n\n\n\n\n\n\n\n\n\n\n\n\/\n<\/p>\n                <\/div>\n                <a href=\"https:\/\/www.lachienne.com\/?p=174\" class=\"u-align-center u-blog-control u-border-20 u-border-palette-3-dark-2 u-btn u-button-style u-palette-3-base u-btn-1\">EN LIRE PLUS<\/a>\n              <\/div>\n            <\/div>\n          <\/div>\n          <div class=\"has-pagination u-list-control\">\n          <\/div>\n        <\/div>\n      <\/div>\n    <\/section>\n    \n    \n    \n    \n  \n","protected":false},"excerpt":{"rendered":"<p>ON Y EST, \u00c7A Y EST !! 6 novembre 2023 \u00ab PORTRAIT D&rsquo;UN ARTISTE EN AUTO-ENTREPRENEUR \u00bb\u0152uvre spectaculaire marchande en ska\u00ef couleur chamois mort.JJt 2023 Le grand r\u00e9cit europ\u00e9en de&hellip; EN LIRE PLUS NOUVELLE \u00c9DITION DES \u00ab\u00a0H\u00c9R\u00c9SIES DU TYPONOCLASTE\u00a0\u00bb 21 octobre 2023 OYEZ OYEZ SOYEZ TOUTE OREILLE ! POUR CEUSSES L\u00c0 QUI N&rsquo;AURAIT POINT VU &hellip; <a href=\"https:\/\/www.lachienne.com\/?page_id=28\" class=\"more-link\">Continue reading<span class=\"screen-reader-text\"> \u00ab\u00a0ACCUEIL\u00a0\u00bb<\/span><\/a><\/p>\n","protected":false},"author":1,"featured_media":0,"parent":0,"menu_order":1,"comment_status":"closed","ping_status":"closed","template":"templates\/post.php","meta":{"footnotes":""},"class_list":["post-28","page","type-page","status-publish","hentry"],"_links":{"self":[{"href":"https:\/\/www.lachienne.com\/index.php?rest_route=\/wp\/v2\/pages\/28","targetHints":{"allow":["GET"]}}],"collection":[{"href":"https:\/\/www.lachienne.com\/index.php?rest_route=\/wp\/v2\/pages"}],"about":[{"href":"https:\/\/www.lachienne.com\/index.php?rest_route=\/wp\/v2\/types\/page"}],"author":[{"embeddable":true,"href":"https:\/\/www.lachienne.com\/index.php?rest_route=\/wp\/v2\/users\/1"}],"replies":[{"embeddable":true,"href":"https:\/\/www.lachienne.com\/index.php?rest_route=%2Fwp%2Fv2%2Fcomments&post=28"}],"version-history":[{"count":52,"href":"https:\/\/www.lachienne.com\/index.php?rest_route=\/wp\/v2\/pages\/28\/revisions"}],"predecessor-version":[{"id":1742,"href":"https:\/\/www.lachienne.com\/index.php?rest_route=\/wp\/v2\/pages\/28\/revisions\/1742"}],"wp:attachment":[{"href":"https:\/\/www.lachienne.com\/index.php?rest_route=%2Fwp%2Fv2%2Fmedia&parent=28"}],"curies":[{"name":"wp","href":"https:\/\/api.w.org\/{rel}","templated":true}]}}