{"id":29,"date":"2023-08-18T10:36:00","date_gmt":"2023-08-18T08:36:00","guid":{"rendered":"http:\/\/www.lachienne.com\/index.php\/contact\/"},"modified":"2023-09-24T15:47:29","modified_gmt":"2023-09-24T13:47:29","slug":"contact","status":"publish","type":"page","link":"https:\/\/www.lachienne.com\/?page_id=29","title":{"rendered":"CONTACT"},"content":{"rendered":"\n    \n    <section class=\"skrollable u-border-1 u-border-palette-4-dark-1 u-clearfix u-image u-image-tiles lazyload u-section-2\" id=\"carousel_7537\" data-image-width=\"567\" data-image-height=\"567\" data-bg=\"url(&quot;https:\/\/www.lachienne.com\/wp-content\/uploads\/2023\/08\/patterno.jpg&quot;)\">\n      <div class=\"u-clearfix u-sheet u-valign-bottom-sm u-valign-bottom-xs u-sheet-1\">\n        <div class=\"data-layout-selected u-clearfix u-expanded-width-sm u-expanded-width-xs u-gutter-0 u-layout-wrap u-layout-wrap-1\">\n          <div class=\"u-gutter-0 u-layout\">\n            <div class=\"u-layout-col\">\n              <div class=\"u-align-center u-container-style u-layout-cell u-size-60 u-white u-layout-cell-1\" data-animation-name=\"customAnimationIn\" data-animation-duration=\"1500\">\n                <div class=\"u-border-20 u-border-palette-3-base u-container-layout u-valign-bottom-lg u-valign-bottom-md u-valign-bottom-sm u-valign-bottom-xl u-container-layout-1\">\n                  <h2 class=\"u-align-center u-custom-font u-text u-text-default u-text-palette-2-dark-1 u-text-1\" data-lang-fr=\"Contactez nous,<br>n'ayez pas peur \ud83d\ude09\n                  \" data-lang-en=\"Contact usss<br>Don't be afffraide \ud83d\ude09\n                  \">Contactez nous,<br>n'ayez pas peur \ud83d\ude09 \n                  <\/h2>\n                  <div class=\"u-align-left u-form u-form-1\">\n                    <form action=\"https:\/\/forms.nicepagesrv.com\/v2\/form\/process\" class=\"u-clearfix u-form-spacing-28 u-form-vertical u-inner-form\" style=\"padding: 10px\" source=\"email\" name=\"form\">\n                      <div class=\"u-form-group u-form-name\">\n                        <label class=\"u-form-control-hidden u-label\" data-lang-fr=\"Name\" data-lang-en=\"Name\">Name<\/label>\n                        <input type=\"text\" placeholder=\"on m'allppleulle\" id=\"name-5a14\" name=\"name\" class=\"u-border-2 u-border-black u-border-no-left u-border-no-right u-border-no-top u-input u-input-rectangle\" required=\"\" data-lang-fr=\"on m'allppleulle\" data-lang-en=\"may n\u00e8\u00e8\u00e8mmme\">\n                      <\/div>\n                      <div class=\"u-form-email u-form-group\">\n                        <label class=\"u-form-control-hidden u-label\" data-lang-fr=\"Email\" data-lang-en=\"Email\">Email<\/label>\n                        <input type=\"email\" placeholder=\"mon bon zimelle c'est \" id=\"email-5a14\" name=\"email\" class=\"u-border-2 u-border-black u-border-no-left u-border-no-right u-border-no-top u-input u-input-rectangle\" required=\"\" data-lang-fr=\"mon bon zimelle c'est \" data-lang-en=\"maille zimelle\">\n                      <\/div>\n                      <div class=\"u-form-group u-form-message\">\n                        <label class=\"u-label\" data-lang-fr=\"message\" data-lang-en=\"message\">message<\/label>\n                        <textarea placeholder=\"\" id=\"message-5a14\" name=\"message\" class=\"u-border-2 u-border-black u-border-no-left u-border-no-right u-border-no-top u-input u-input-rectangle\" required=\"\" data-lang-fr=\"\" data-lang-en=\"\"><\/textarea>\n                      <\/div>\n                      <div class=\"u-align-center u-form-group u-form-submit\">\n                        <a href=\"#\" class=\"u-active-palette-2-base u-border-none u-btn u-btn-round u-btn-submit u-button-style u-hover-black u-palette-4-base u-radius-50 u-btn-1\" data-lang-fr=\"{&quot;content&quot;:&quot;J'ENVOIE<br>\\n                        &quot;,&quot;href&quot;:&quot;#&quot;}\" data-lang-en=\"{&quot;content&quot;:&quot;I SEND ITTTE<br>\\n                        &quot;,&quot;href&quot;:&quot;#&quot;}\">J'ENVOIE<br>\n                        <\/a>\n                        <input type=\"submit\" value=\"submit\" class=\"u-form-control-hidden\" wfd-id=\"id820\">\n                      <\/div>\n                      <div class=\"u-form-send-message u-form-send-success\" data-lang-fr=\" Thank you! Your message has been sent. \" data-lang-en=\" Thank you! Your message has been sent. \"> Thank you! Your message has been sent. <\/div>\n                      <div class=\"u-form-send-error u-form-send-message\" data-lang-fr=\" Unable to send your message. Please fix errors then try again. \" data-lang-en=\" Unable to send your message. Please fix errors then try again. \"> Unable to send your message. Please fix errors then try again. <\/div>\n                      <input type=\"hidden\" value=\"\" name=\"recaptchaResponse\" wfd-id=\"id821\">\n                      <input type=\"hidden\" name=\"formServices\" value=\"94069cbdc31a9fe0f912dee96c221d98\">\n                      <input type=\"hidden\" name=\"siteKey\" value=\"6LdwTx0mAAAAAKBUMGv42-K1JD8iVvWrWV7qGJH-\">\n                    <\/form>\n                  <\/div>\n                <\/div>\n              <\/div>\n            <\/div>\n          <\/div>\n        <\/div>\n        <div class=\"u-shape u-shape-svg u-text-palette-4-light-1 u-shape-1\" data-animation-name=\"customAnimationIn\" data-animation-duration=\"1500\" data-animation-delay=\"500\">\n          <svg class=\"u-svg-link\" preserveAspectRatio=\"none\" viewBox=\"0 0 160 160\" style=\"\"><use xmlns:xlink=\"http:\/\/www.w3.org\/1999\/xlink\" xlink:href=\"#svg-988f\"><\/use><\/svg>\n          <svg xmlns=\"http:\/\/www.w3.org\/2000\/svg\" xmlns:xlink=\"http:\/\/www.w3.org\/1999\/xlink\" version=\"1.1\" xml:space=\"preserve\" class=\"u-svg-content\" viewBox=\"0 0 160 160\" x=\"0px\" y=\"0px\" id=\"svg-988f\" style=\"enable-background:new 0 0 160 160;\"><path d=\"M80,30c27.6,0,50,22.4,50,50s-22.4,50-50,50s-50-22.4-50-50S52.4,30,80,30 M80,0C35.8,0,0,35.8,0,80s35.8,80,80,80\n\ts80-35.8,80-80S124.2,0,80,0L80,0z\"><\/path><\/svg>\n        <\/div>\n      <\/div>\n    <\/section>\n    \n    \n    \n    \n    \n    \n  \n","protected":false},"excerpt":{"rendered":"<p>Contactez nous,n&rsquo;ayez pas peur \ud83d\ude09 Name Email message J&rsquo;ENVOIE Thank you! Your message has been sent. Unable to send your message. Please fix errors then try again.<\/p>\n","protected":false},"author":1,"featured_media":0,"parent":0,"menu_order":4,"comment_status":"closed","ping_status":"closed","template":"","meta":{"footnotes":""},"class_list":["post-29","page","type-page","status-publish","hentry"],"_links":{"self":[{"href":"https:\/\/www.lachienne.com\/index.php?rest_route=\/wp\/v2\/pages\/29","targetHints":{"allow":["GET"]}}],"collection":[{"href":"https:\/\/www.lachienne.com\/index.php?rest_route=\/wp\/v2\/pages"}],"about":[{"href":"https:\/\/www.lachienne.com\/index.php?rest_route=\/wp\/v2\/types\/page"}],"author":[{"embeddable":true,"href":"https:\/\/www.lachienne.com\/index.php?rest_route=\/wp\/v2\/users\/1"}],"replies":[{"embeddable":true,"href":"https:\/\/www.lachienne.com\/index.php?rest_route=%2Fwp%2Fv2%2Fcomments&post=29"}],"version-history":[{"count":7,"href":"https:\/\/www.lachienne.com\/index.php?rest_route=\/wp\/v2\/pages\/29\/revisions"}],"predecessor-version":[{"id":800,"href":"https:\/\/www.lachienne.com\/index.php?rest_route=\/wp\/v2\/pages\/29\/revisions\/800"}],"wp:attachment":[{"href":"https:\/\/www.lachienne.com\/index.php?rest_route=%2Fwp%2Fv2%2Fmedia&parent=29"}],"curies":[{"name":"wp","href":"https:\/\/api.w.org\/{rel}","templated":true}]}}